{"id":653,"date":"2025-06-05T00:29:35","date_gmt":"2025-06-05T00:29:35","guid":{"rendered":"https:\/\/ebwt.org\/?page_id=653"},"modified":"2025-06-17T08:12:37","modified_gmt":"2025-06-17T08:12:37","slug":"nap-tien-h3bet","status":"publish","type":"page","link":"https:\/\/ebwt.org\/?page_id=653","title":{"rendered":"N\u1ea1p Ti\u1ec1n H3BET &#8211; Nhanh G\u1ecdn, An To\u00e0n \u0110\u01a1n Gi\u1ea3n Tr\u00ean M\u1ecdi Thi\u1ebft B\u1ecb"},"content":{"rendered":"<p><a href=\"https:\/\/ebwt.org\/nap-tien-h3bet\/\"><b>N\u1ea1p ti\u1ec1n H3BET<\/b><\/a><span style=\"font-weight: 400;\"> l\u00e0 b\u01b0\u1edbc quan tr\u1ecdng \u0111\u1ec3 b\u1eaft \u0111\u1ea7u h\u00e0nh tr\u00ecnh c\u00e1 c\u01b0\u1ee3c t\u1ea1i n\u1ec1n t\u1ea3ng n\u00e0y. Nh\u00e0 c\u00e1i <\/span><a href=\"https:\/\/ebwt.org\/\"><b>H3BET<\/b><\/a><span style=\"font-weight: 400;\"> ch\u1ec9 cung c\u1ea5p m\u1ed9t h\u00ecnh th\u1ee9c g\u1eedi ti\u1ec1n duy nh\u1ea5t l\u00e0 qua ng\u00e2n h\u00e0ng, nh\u01b0ng lu\u00f4n \u0111\u1ea3m b\u1ea3o x\u1eed l\u00fd nhanh, minh b\u1ea1ch v\u00e0 \u0111\u1ed9 an to\u00e0n cao. Nh\u1edd th\u1ebf th\u01b0\u01a1ng hi\u1ec7u n\u00e0y \u0111ang ghi \u0111i\u1ec3m m\u1ea1nh m\u1ebd trong c\u1ed9ng \u0111\u1ed3ng nh\u1edd d\u1ecbch v\u1ee5 ti\u1ec7n l\u1ee3i v\u00e0 b\u1ea3o m\u1eadt.<\/span><\/p>\n<div id=\"ez-toc-container\" class=\"ez-toc-v2_0_80 counter-hierarchy ez-toc-counter ez-toc-grey ez-toc-container-direction\">\n<div class=\"ez-toc-title-container\">\n<p class=\"ez-toc-title\" style=\"cursor:inherit\">Table of Contents<\/p>\n<span class=\"ez-toc-title-toggle\"><a href=\"#\" class=\"ez-toc-pull-right ez-toc-btn ez-toc-btn-xs ez-toc-btn-default ez-toc-toggle\" aria-label=\"Toggle Table of Content\"><span class=\"ez-toc-js-icon-con\"><span class=\"\"><span class=\"eztoc-hide\" style=\"display:none;\">Toggle<\/span><span class=\"ez-toc-icon-toggle-span\"><svg style=\"fill: #999;color:#999\" xmlns=\"http:\/\/www.w3.org\/2000\/svg\" class=\"list-377408\" width=\"20px\" height=\"20px\" viewBox=\"0 0 24 24\" fill=\"none\"><path d=\"M6 6H4v2h2V6zm14 0H8v2h12V6zM4 11h2v2H4v-2zm16 0H8v2h12v-2zM4 16h2v2H4v-2zm16 0H8v2h12v-2z\" fill=\"currentColor\"><\/path><\/svg><svg style=\"fill: #999;color:#999\" class=\"arrow-unsorted-368013\" xmlns=\"http:\/\/www.w3.org\/2000\/svg\" width=\"10px\" height=\"10px\" viewBox=\"0 0 24 24\" version=\"1.2\" baseProfile=\"tiny\"><path d=\"M18.2 9.3l-6.2-6.3-6.2 6.3c-.2.2-.3.4-.3.7s.1.5.3.7c.2.2.4.3.7.3h11c.3 0 .5-.1.7-.3.2-.2.3-.5.3-.7s-.1-.5-.3-.7zM5.8 14.7l6.2 6.3 6.2-6.3c.2-.2.3-.5.3-.7s-.1-.5-.3-.7c-.2-.2-.4-.3-.7-.3h-11c-.3 0-.5.1-.7.3-.2.2-.3.5-.3.7s.1.5.3.7z\"\/><\/svg><\/span><\/span><\/span><\/a><\/span><\/div>\n<nav><ul class='ez-toc-list ez-toc-list-level-1 ' ><li class='ez-toc-page-1 ez-toc-heading-level-2'><a class=\"ez-toc-link ez-toc-heading-1\" href=\"https:\/\/ebwt.org\/?page_id=653\/#Huong_dan_nap_tien_H3BET_don_gian_minh_bach_tung_buoc\" >H\u01b0\u1edbng d\u1eabn n\u1ea1p ti\u1ec1n H3BET \u0111\u01a1n gi\u1ea3n, minh b\u1ea1ch t\u1eebng b\u01b0\u1edbc<\/a><ul class='ez-toc-list-level-3' ><li class='ez-toc-heading-level-3'><a class=\"ez-toc-link ez-toc-heading-2\" href=\"https:\/\/ebwt.org\/?page_id=653\/#Buoc_1_Dang_nhap_tai_khoan_va_truy_cap_muc_Nap_Tien\" >B\u01b0\u1edbc 1: \u0110\u0103ng nh\u1eadp t\u00e0i kho\u1ea3n v\u00e0 truy c\u1eadp m\u1ee5c N\u1ea1p Ti\u1ec1n<\/a><\/li><li class='ez-toc-page-1 ez-toc-heading-level-3'><a class=\"ez-toc-link ez-toc-heading-3\" href=\"https:\/\/ebwt.org\/?page_id=653\/#Buoc_2_Lua_chon_ngan_hang_de\" >B\u01b0\u1edbc 2: L\u1ef1a ch\u1ecdn ng\u00e2n h\u00e0ng \u0111\u1ec3<\/a><\/li><li class='ez-toc-page-1 ez-toc-heading-level-3'><a class=\"ez-toc-link ez-toc-heading-4\" href=\"https:\/\/ebwt.org\/?page_id=653\/#Buoc_3_Nhap_muc_muon_gui_va_tai_len_bien_lai\" >B\u01b0\u1edbc 3: Nh\u1eadp m\u1ee9c mu\u1ed1n g\u1eedi v\u00e0 t\u1ea3i l\u00ean bi\u00ean lai<\/a><\/li><li class='ez-toc-page-1 ez-toc-heading-level-3'><a class=\"ez-toc-link ez-toc-heading-5\" href=\"https:\/\/ebwt.org\/?page_id=653\/#Buoc_4_Xac_nhan_tham_chieu_va_lua_chon_khuyen_mai\" >B\u01b0\u1edbc 4: X\u00e1c nh\u1eadn tham chi\u1ebfu v\u00e0 l\u1ef1a ch\u1ecdn khuy\u1ebfn m\u00e3i<\/a><\/li><\/ul><\/li><li class='ez-toc-page-1 ez-toc-heading-level-2'><a class=\"ez-toc-link ez-toc-heading-6\" href=\"https:\/\/ebwt.org\/?page_id=653\/#Nhung_luu_y_quan_trong_khi_nap_tien_H3BET_de_tranh_loi_dang_tiec\" >Nh\u1eefng l\u01b0u \u00fd quan tr\u1ecdng khi n\u1ea1p ti\u1ec1n H3BET \u0111\u1ec3 tr\u00e1nh l\u1ed7i \u0111\u00e1ng ti\u1ebfc<\/a><ul class='ez-toc-list-level-3' ><li class='ez-toc-heading-level-3'><a class=\"ez-toc-link ez-toc-heading-7\" href=\"https:\/\/ebwt.org\/?page_id=653\/#Thong_tin_nguoi_gui_phai_trung_voi_tai_khoan_H3BET\" >Th\u00f4ng tin ng\u01b0\u1eddi g\u1eedi ph\u1ea3i tr\u00f9ng v\u1edbi t\u00e0i kho\u1ea3n H3BET<\/a><\/li><li class='ez-toc-page-1 ez-toc-heading-level-3'><a class=\"ez-toc-link ez-toc-heading-8\" href=\"https:\/\/ebwt.org\/?page_id=653\/#Nhung_du_lieu_trong_khi_giao_dich_can_chuan_xac\" >Nh\u1eefng d\u1eef li\u1ec7u trong khi giao d\u1ecbch c\u1ea7n chu\u1ea9n x\u00e1c<\/a><\/li><li class='ez-toc-page-1 ez-toc-heading-level-3'><a class=\"ez-toc-link ez-toc-heading-9\" href=\"https:\/\/ebwt.org\/?page_id=653\/#Chu_y_gioi_han_nap_tien_H3BET\" >Ch\u00fa \u00fd gi\u1edbi h\u1ea1n n\u1ea1p ti\u1ec1n H3BET<\/a><\/li><li class='ez-toc-page-1 ez-toc-heading-level-3'><a class=\"ez-toc-link ez-toc-heading-10\" href=\"https:\/\/ebwt.org\/?page_id=653\/#Duy_tri_mang_on_dinh_de_khong_gian_doan_thao_tac\" >Duy tr\u00ec m\u1ea1ng \u1ed5n \u0111\u1ecbnh \u0111\u1ec3 kh\u00f4ng gi\u00e1n \u0111o\u1ea1n thao t\u00e1c<\/a><\/li><\/ul><\/li><li class='ez-toc-page-1 ez-toc-heading-level-2'><a class=\"ez-toc-link ez-toc-heading-11\" href=\"https:\/\/ebwt.org\/?page_id=653\/#Loi_ket\" >L\u1eddi k\u1ebft<\/a><\/li><\/ul><\/nav><\/div>\n<h2><span class=\"ez-toc-section\" id=\"Huong_dan_nap_tien_H3BET_don_gian_minh_bach_tung_buoc\"><\/span><span style=\"font-weight: 400;\">H\u01b0\u1edbng d\u1eabn n\u1ea1p ti\u1ec1n H3BET \u0111\u01a1n gi\u1ea3n, minh b\u1ea1ch t\u1eebng b\u01b0\u1edbc<\/span><span class=\"ez-toc-section-end\"><\/span><\/h2>\n<p><span style=\"font-weight: 400;\">T\u1ea1i H3BET, ng\u01b0\u1eddi ch\u01a1i ch\u1ec9 c\u1ea7n v\u00e0i b\u01b0\u1edbc c\u01a1 b\u1ea3n \u0111\u1ec3 ho\u00e0n t\u1ea5t giao d\u1ecbch n\u1ea1p ti\u1ec1n. To\u00e0n b\u1ed9 quy tr\u00ecnh <\/span><b>g\u1eedi ti\u1ec1n H3BET<\/b><span style=\"font-weight: 400;\"> \u0111\u01b0\u1ee3c h\u01b0\u1edbng d\u1eabn r\u00f5 d\u01b0\u1edbi \u0111\u00e2y. Ng\u01b0\u1eddi ch\u01a1i ch\u1ec9 c\u1ea7n l\u00e0m theo \u0111\u00fang tr\u00ecnh t\u1ef1 \u0111\u1ec3 \u0111\u1ea3m b\u1ea3o giao d\u1ecbch \u0111\u01b0\u1ee3c x\u00e1c nh\u1eadn.<\/span><\/p>\n<h3><span class=\"ez-toc-section\" id=\"Buoc_1_Dang_nhap_tai_khoan_va_truy_cap_muc_Nap_Tien\"><\/span><span style=\"font-weight: 400;\">B\u01b0\u1edbc 1: \u0110\u0103ng nh\u1eadp t\u00e0i kho\u1ea3n v\u00e0 truy c\u1eadp m\u1ee5c N\u1ea1p Ti\u1ec1n<\/span><span class=\"ez-toc-section-end\"><\/span><\/h3>\n<p><span style=\"font-weight: 400;\">\u0110\u1ea7u ti\u00ean, b\u1ea1n c\u1ea7n \u0111\u0103ng nh\u1eadp v\u00e0o t\u00e0i kho\u1ea3n H3BET c\u1ee7a m\u00ecnh. Sau khi v\u00e0o giao di\u1ec7n ch\u00ednh, h\u00e3y ch\u1ecdn tab \u201cN\u1ea1p Ti\u1ec1n\u201d n\u1eb1m trong danh s\u00e1ch menu b\u00ean tr\u00e1i. \u0110\u00e2y l\u00e0 n\u01a1i b\u1ea1n thao t\u00e1c \u0111\u1ec3 th\u1ef1c hi\u1ec7n giao d\u1ecbch.<\/span><\/p>\n<p>&gt;&gt; <em>Xem th\u00eam: <a href=\"https:\/\/ebwt.org\/dang-nhap-h3bet\/\"><strong>\u0110\u0103ng Nh\u1eadp H3BET \u2013 Thao T\u00e1c B\u1eaft \u0110\u1ea7u Tr\u1ea3i Nghi\u1ec7m \u0110\u01a1n Gi\u1ea3n<\/strong><\/a><\/em><\/p>\n<h3><span class=\"ez-toc-section\" id=\"Buoc_2_Lua_chon_ngan_hang_de\"><\/span><span style=\"font-weight: 400;\">B\u01b0\u1edbc 2: L\u1ef1a ch\u1ecdn ng\u00e2n h\u00e0ng \u0111\u1ec3<\/span><span class=\"ez-toc-section-end\"><\/span><\/h3>\n<p><span style=\"font-weight: 400;\">Khi giao di\u1ec7n hi\u1ec7n ra, b\u1ea1n s\u1ebd th\u1ea5y danh s\u00e1ch c\u00e1c ng\u00e2n h\u00e0ng \u0111ang \u0111\u01b0\u1ee3c h\u1ed7 tr\u1ee3 nh\u01b0 VietinBank, BIDV, Sacombank, Techcombank, Vietcombank. H\u00e3y ch\u1ecdn ng\u00e2n h\u00e0ng m\u00e0 b\u1ea1n \u0111ang s\u1eed d\u1ee5ng \u0111\u1ec3 th\u1ef1c hi\u1ec7n.<\/span><\/p>\n<p><span style=\"font-weight: 400;\">Sau khi ch\u1ecdn xong, h\u1ec7 th\u1ed1ng s\u1ebd hi\u1ec3n th\u1ecb r\u00f5:<\/span><\/p>\n<ul>\n<li style=\"font-weight: 400;\" aria-level=\"1\"><span style=\"font-weight: 400;\">T\u00ean t\u00e0i kho\u1ea3n nh\u1eadn (v\u00ed d\u1ee5: TA NGOC TRAN)<\/span><\/li>\n<li style=\"font-weight: 400;\" aria-level=\"1\"><span style=\"font-weight: 400;\">S\u1ed1 t\u00e0i kho\u1ea3n ng\u00e2n h\u00e0ng (v\u00ed d\u1ee5: 108879178810)<\/span><\/li>\n<\/ul>\n<p><span style=\"font-weight: 400;\">B\u1ea1n ch\u1ec9 c\u1ea7n nh\u1ea5n \u201cSao ch\u00e9p\u201d \u0111\u1ec3 \u0111\u1ea3m b\u1ea3o kh\u00f4ng nh\u1eadp sai. \u0110\u00e2y m\u1ed9t thao t\u00e1c nh\u1ecf nh\u01b0ng r\u1ea5t quan tr\u1ecdng \u0111\u1ec3 giao d\u1ecbch kh\u00f4ng b\u1ecb l\u1ed7i.<\/span><\/p>\n<figure id=\"attachment_654\" aria-describedby=\"caption-attachment-654\" style=\"width: 900px\" class=\"wp-caption aligncenter\"><img loading=\"lazy\" decoding=\"async\" class=\"size-full wp-image-654\" src=\"https:\/\/ebwt.org\/wp-content\/uploads\/2025\/06\/ket-noi-ngan-hang-de-nap-tien-h3bet.webp\" alt=\"K\u1ebft n\u1ed1i ng\u00e2n h\u00e0ng \u0111\u1ec3 n\u1ea1p ti\u1ec1n H3BET\" width=\"900\" height=\"520\" srcset=\"https:\/\/ebwt.org\/wp-content\/uploads\/2025\/06\/ket-noi-ngan-hang-de-nap-tien-h3bet.webp 900w, https:\/\/ebwt.org\/wp-content\/uploads\/2025\/06\/ket-noi-ngan-hang-de-nap-tien-h3bet-300x173.webp 300w, https:\/\/ebwt.org\/wp-content\/uploads\/2025\/06\/ket-noi-ngan-hang-de-nap-tien-h3bet-768x444.webp 768w\" sizes=\"auto, (max-width: 900px) 100vw, 900px\" \/><figcaption id=\"caption-attachment-654\" class=\"wp-caption-text\">K\u1ebft n\u1ed1i ng\u00e2n h\u00e0ng \u0111\u1ec3 n\u1ea1p ti\u1ec1n H3BET<\/figcaption><\/figure>\n<h3><span class=\"ez-toc-section\" id=\"Buoc_3_Nhap_muc_muon_gui_va_tai_len_bien_lai\"><\/span><span style=\"font-weight: 400;\">B\u01b0\u1edbc 3: Nh\u1eadp m\u1ee9c mu\u1ed1n g\u1eedi v\u00e0 t\u1ea3i l\u00ean bi\u00ean lai<\/span><span class=\"ez-toc-section-end\"><\/span><\/h3>\n<p><span style=\"font-weight: 400;\">Ngay b\u00ean d\u01b0\u1edbi, b\u1ea1n s\u1ebd th\u1ea5y nh\u1eefng m\u1ee9c \u0111\u01b0\u1ee3c g\u1ee3i \u00fd nh\u01b0 100.000 \u2013 500.000 \u2013 1.000.000 \u2013 2.000.000 \u2013 5.000.000 VN\u0110. N\u1ebfu kh\u00f4ng c\u00f3 m\u1ee9c ph\u00f9 h\u1ee3p, b\u1ea1n c\u00f3 th\u1ec3 t\u1ef1 nh\u1eadp m\u1ee9c g\u1eedi mong mu\u1ed1n.<\/span><\/p>\n<p><span style=\"font-weight: 400;\">Sau khi ho\u00e0n t\u1ea5t chuy\u1ec3n kho\u1ea3n b\u1eb1ng \u1ee9ng d\u1ee5ng ng\u00e2n h\u00e0ng tr\u00ean \u0111i\u1ec7n tho\u1ea1i, b\u1ea1n quay l\u1ea1i giao di\u1ec7n H3BET v\u00e0 nh\u1ea5n n\u00fat \u201cDuy\u1ec7t \u0111\u1ec3 t\u1ea3i l\u00ean bi\u00ean nh\u1eadn\u201d. Vi\u1ec7c t\u1ea3i l\u00ean bi\u00ean lai s\u1ebd gi\u00fap h\u1ec7 th\u1ed1ng x\u00e1c nh\u1eadn giao d\u1ecbch nhanh h\u01a1n v\u00e0 c\u1eadp nh\u1eadt s\u1ed1 d\u01b0 ngay cho b\u1ea1n.<\/span><\/p>\n<h3><span class=\"ez-toc-section\" id=\"Buoc_4_Xac_nhan_tham_chieu_va_lua_chon_khuyen_mai\"><\/span><span style=\"font-weight: 400;\">B\u01b0\u1edbc 4: X\u00e1c nh\u1eadn tham chi\u1ebfu v\u00e0 l\u1ef1a ch\u1ecdn khuy\u1ebfn m\u00e3i<\/span><span class=\"ez-toc-section-end\"><\/span><\/h3>\n<p><span style=\"font-weight: 400;\">Ph\u1ea7n n\u00e0y l\u00e0 tu\u1ef3 ch\u1ecdn, nh\u01b0ng b\u1ea1n v\u1eabn n\u00ean \u0111\u1ec3 \u00fd. N\u1ebfu h\u1ec7 th\u1ed1ng y\u00eau c\u1ea7u m\u00e3 tham chi\u1ebfu, b\u1ea1n c\u00f3 th\u1ec3 nh\u1eadp v\u00e0o \u00f4 t\u01b0\u01a1ng \u1ee9ng. Ngo\u00e0i ra, n\u1ebfu b\u1ea1n c\u00f3 m\u00e3 khuy\u1ebfn m\u00e3i ri\u00eang, h\u00e3y \u0111i\u1ec1n v\u00e0o \u00f4 \u201cM\u00e3 Nh\u1eadn Th\u01b0\u1edfng\u201d \u0111\u1ec3 t\u0103ng s\u1ed1 d\u01b0 t\u00e0i kho\u1ea3n khi n\u1ea1p ti\u1ec1n H3BET.<\/span><\/p>\n<p><span style=\"font-weight: 400;\">Trong tr\u01b0\u1eddng h\u1ee3p b\u1ea1n kh\u00f4ng mu\u1ed1n tham gia b\u1ea5t k\u1ef3 ch\u01b0\u01a1ng tr\u00ecnh \u01b0u \u0111\u00e3i n\u00e0o, ch\u1ec9 c\u1ea7n t\u00edch ch\u1ecdn \u00f4 \u201cT\u00f4i kh\u00f4ng c\u1ea7n b\u1ea5t k\u1ef3 khuy\u1ebfn m\u00e3i n\u00e0o\u201d.C\u00f2n n\u1ebfu mu\u1ed1n nh\u1eadn th\u00eam th\u01b0\u1edfng, b\u1ea1n c\u00f3 th\u1ec3 ch\u1ecdn m\u1ed9t trong c\u00e1c g\u00f3i hi\u1ec7n c\u00f3:<\/span><\/p>\n<ul>\n<li style=\"font-weight: 400;\" aria-level=\"1\"><span style=\"font-weight: 400;\">T\u1eb7ng 10% &#8211; 20% m\u1ed7i ng\u00e0y cho Casino, Esport, Slot&#8230;<\/span><\/li>\n<li style=\"font-weight: 400;\" aria-level=\"1\"><span style=\"font-weight: 400;\">T\u0103ng nhanh t\u00e0i kho\u1ea3n 183% cao nh\u1ea5t 3.330.000 VN\u0110 v\u1edbi h\u1ed9i vi\u00ean m\u1edbi.<\/span><\/li>\n<li style=\"font-weight: 400;\" aria-level=\"1\"><span style=\"font-weight: 400;\">Th\u01b0\u1edfng nhanh 300.000 VN\u0110 khi n\u1ea1p v\u00e0o t\u00e0i kho\u1ea3n th\u1ec3 thao<\/span><\/li>\n<\/ul>\n<h2><span class=\"ez-toc-section\" id=\"Nhung_luu_y_quan_trong_khi_nap_tien_H3BET_de_tranh_loi_dang_tiec\"><\/span><span style=\"font-weight: 400;\">Nh\u1eefng l\u01b0u \u00fd quan tr\u1ecdng khi n\u1ea1p ti\u1ec1n H3BET \u0111\u1ec3 tr\u00e1nh l\u1ed7i \u0111\u00e1ng ti\u1ebfc<\/span><span class=\"ez-toc-section-end\"><\/span><\/h2>\n<p><span style=\"font-weight: 400;\">Qu\u00e1 tr\u00ecnh n\u1ea1p ti\u1ec1n H3BET nh\u00ecn th\u00ec \u0111\u01a1n gi\u1ea3n, nh\u01b0ng n\u1ebfu ch\u1ee7 quan, ng\u01b0\u1eddi ch\u01a1i r\u1ea5t d\u1ec5 g\u1eb7p tr\u1ee5c tr\u1eb7c. C\u00f3 khi ch\u1ec9 m\u1ed9t thao t\u00e1c nh\u1ecf sai l\u1ec7ch c\u0169ng khi\u1ebfn giao d\u1ecbch b\u1ecb l\u1ed7i, ti\u1ec1n b\u1ecb treo ho\u1eb7c ph\u1ea3i m\u1ea5t th\u1eddi gian ch\u1edd h\u1ed7 tr\u1ee3 x\u1eed l\u00fd. \u0110\u1ec3 m\u1ecdi thao t\u00e1c di\u1ec5n ra m\u01b0\u1ee3t m\u00e0, b\u1ea1n n\u00ean ghi nh\u1edb nh\u1eefng \u0111i\u1ec3m sau:<\/span><\/p>\n<h3><span class=\"ez-toc-section\" id=\"Thong_tin_nguoi_gui_phai_trung_voi_tai_khoan_H3BET\"><\/span><span style=\"font-weight: 400;\">Th\u00f4ng tin ng\u01b0\u1eddi g\u1eedi ph\u1ea3i tr\u00f9ng v\u1edbi t\u00e0i kho\u1ea3n H3BET<\/span><span class=\"ez-toc-section-end\"><\/span><\/h3>\n<p><span style=\"font-weight: 400;\">H3BET y\u00eau c\u1ea7u t\u00e0i kho\u1ea3n ng\u00e2n h\u00e0ng d\u00f9ng \u0111\u1ec3 n\u1ea1p ti\u1ec1n H3BET ph\u1ea3i \u0111\u00fang t\u00ean v\u1edbi t\u00e0i kho\u1ea3n ng\u01b0\u1eddi ch\u01a1i \u0111\u00e3 \u0111\u0103ng k\u00fd. \u0110\u00e2y l\u00e0 nguy\u00ean t\u1eafc b\u1eaft bu\u1ed9c \u0111\u1ec3 \u0111\u1ea3m b\u1ea3o an to\u00e0n v\u00e0 tr\u00e1nh t\u00ecnh tr\u1ea1ng giao d\u1ecbch nh\u1ea7m l\u1eabn.<\/span><\/p>\n<p><span style=\"font-weight: 400;\">N\u1ebfu b\u1ea1n d\u00f9ng t\u00e0i kho\u1ea3n ng\u01b0\u1eddi th\u00e2n hay nh\u1eadp sai t\u00ean, h\u1ec7 th\u1ed1ng s\u1ebd kh\u00f4ng th\u1ec3 x\u00e1c nh\u1eadn v\u00e0 b\u1ea1n ph\u1ea3i li\u00ean h\u1ec7 b\u1ed9 ph\u1eadn h\u1ed7 tr\u1ee3 \u0111\u1ec3 x\u1eed l\u00fd m\u1ea5t kh\u00e1 nhi\u1ec1u th\u1eddi gian. V\u00ec v\u1eady, tr\u01b0\u1edbc khi th\u1ef1c hi\u1ec7n n\u1ea1p ti\u1ec1n H3BET h\u00e3y ki\u1ec3m tra l\u1ea1i k\u1ef9 h\u1ed3 s\u01a1 c\u00e1 nh\u00e2n v\u00e0 t\u00e0i kho\u1ea3n ng\u00e2n h\u00e0ng s\u1eed d\u1ee5ng \u0111\u1ec3 \u0111\u1ea3m b\u1ea3o tr\u00f9ng kh\u1edbp.<\/span><\/p>\n<figure id=\"attachment_655\" aria-describedby=\"caption-attachment-655\" style=\"width: 900px\" class=\"wp-caption aligncenter\"><img loading=\"lazy\" decoding=\"async\" class=\"size-full wp-image-655\" src=\"https:\/\/ebwt.org\/wp-content\/uploads\/2025\/06\/luu-y-quan-trong-khi-nap-tien-h3bet-de-tranh-loi-dang-tiec.webp\" alt=\"L\u01b0u \u00fd quan tr\u1ecdng khi n\u1ea1p ti\u1ec1n H3BET \u0111\u1ec3 tr\u00e1nh l\u1ed7i \u0111\u00e1ng ti\u1ebfc\" width=\"900\" height=\"520\" srcset=\"https:\/\/ebwt.org\/wp-content\/uploads\/2025\/06\/luu-y-quan-trong-khi-nap-tien-h3bet-de-tranh-loi-dang-tiec.webp 900w, https:\/\/ebwt.org\/wp-content\/uploads\/2025\/06\/luu-y-quan-trong-khi-nap-tien-h3bet-de-tranh-loi-dang-tiec-300x173.webp 300w, https:\/\/ebwt.org\/wp-content\/uploads\/2025\/06\/luu-y-quan-trong-khi-nap-tien-h3bet-de-tranh-loi-dang-tiec-768x444.webp 768w\" sizes=\"auto, (max-width: 900px) 100vw, 900px\" \/><figcaption id=\"caption-attachment-655\" class=\"wp-caption-text\">L\u01b0u \u00fd quan tr\u1ecdng khi n\u1ea1p ti\u1ec1n H3BET \u0111\u1ec3 tr\u00e1nh l\u1ed7i \u0111\u00e1ng ti\u1ebfc<\/figcaption><\/figure>\n<h3><span class=\"ez-toc-section\" id=\"Nhung_du_lieu_trong_khi_giao_dich_can_chuan_xac\"><\/span><span style=\"font-weight: 400;\">Nh\u1eefng d\u1eef li\u1ec7u trong khi giao d\u1ecbch c\u1ea7n chu\u1ea9n x\u00e1c<\/span><span class=\"ez-toc-section-end\"><\/span><\/h3>\n<p><span style=\"font-weight: 400;\">M\u1ed7i l\u1ea7n b\u1ea1n ch\u1ecdn n\u1ea1p ti\u1ec1n, h\u1ec7 th\u1ed1ng H3BET s\u1ebd cung c\u1ea5p m\u1ed9t m\u00e3 n\u1ed9i dung ri\u00eang. \u0110\u00e2y l\u00e0 c\u01a1 s\u1edf \u0111\u1ec3 h\u1ec7 th\u1ed1ng t\u1ef1 \u0111\u1ed9ng nh\u1eadn di\u1ec7n v\u00e0 c\u1eadp nh\u1eadt s\u1ed1 d\u01b0 cho b\u1ea1n.<\/span><\/p>\n<ul>\n<li style=\"font-weight: 400;\" aria-level=\"1\"><span style=\"font-weight: 400;\">H\u00e3y sao ch\u00e9p \u0111\u00fang v\u00e0 d\u00e1n nguy\u00ean v\u0103n m\u00e3 n\u1ed9i dung \u0111\u00f3 v\u00e0o \u00f4 ghi ch\u00fa khi chuy\u1ec3n kho\u1ea3n. Tuy\u1ec7t \u0111\u1ed1i kh\u00f4ng th\u00eam d\u1ea5u, k\u00fd t\u1ef1 l\u1ea1 ho\u1eb7c s\u1eeda \u0111\u1ed5i n\u1ed9i dung.<\/span><\/li>\n<li style=\"font-weight: 400;\" aria-level=\"1\"><span style=\"font-weight: 400;\">N\u1ebfu b\u1ea1n b\u1ecf qua b\u01b0\u1edbc n\u00e0y ho\u1eb7c ghi sai, ti\u1ec1n v\u1eabn chuy\u1ec3n th\u00e0nh c\u00f4ng nh\u01b0ng h\u1ec7 th\u1ed1ng s\u1ebd kh\u00f4ng t\u1ef1 ghi nh\u1eadn, bu\u1ed9c b\u1ea1n ph\u1ea3i ch\u1ee5p l\u1ea1i bi\u00ean lai v\u00e0 g\u1eedi x\u00e1c minh th\u1ee7 c\u00f4ng r\u1ea5t m\u1ea5t th\u1eddi gian.<\/span><\/li>\n<\/ul>\n<h3><span class=\"ez-toc-section\" id=\"Chu_y_gioi_han_nap_tien_H3BET\"><\/span><span style=\"font-weight: 400;\">Ch\u00fa \u00fd gi\u1edbi h\u1ea1n n\u1ea1p ti\u1ec1n H3BET<\/span><span class=\"ez-toc-section-end\"><\/span><\/h3>\n<p><span style=\"font-weight: 400;\">H3BET c\u00f3 \u0111\u1eb7t h\u1ea1n m\u1ee9c t\u1ed1i thi\u1ec3u v\u00e0 t\u1ed1i \u0111a cho t\u1eebng l\u1ea7n n\u1ea1p ti\u1ec1n H3BET gi\u00fap h\u1ec7 th\u1ed1ng ki\u1ec3m so\u00e1t hi\u1ec7u qu\u1ea3 v\u00e0 x\u1eed l\u00fd nhanh h\u01a1n.<\/span><\/p>\n<ul>\n<li style=\"font-weight: 400;\" aria-level=\"1\"><span style=\"font-weight: 400;\">M\u1ee9c th\u1ea5p nh\u1ea5t l\u00e0 100.000 VN\u0110 v\u00e0 cao nh\u1ea5t l\u00e0 50.000.000 VN\u0110 cho m\u1ed7i giao d\u1ecbch.<\/span><\/li>\n<li style=\"font-weight: 400;\" aria-level=\"1\"><span style=\"font-weight: 400;\">N\u1ebfu b\u1ea1n chuy\u1ec3n d\u01b0\u1edbi ho\u1eb7c v\u01b0\u1ee3t ngo\u00e0i m\u1ee9c n\u00e0y, h\u1ec7 th\u1ed1ng s\u1ebd kh\u00f4ng nh\u1eadn di\u1ec7n v\u00e0 ti\u1ec1n c\u00f3 th\u1ec3 b\u1ecb treo ho\u1eb7c ho\u00e0n l\u1ea1i.<\/span><\/li>\n<\/ul>\n<p><span style=\"font-weight: 400;\">L\u01b0u \u00fd: C\u00e1c ng\u00e2n h\u00e0ng c\u00f3 h\u1ea1n m\u1ee9c giao d\u1ecbch ri\u00eang trong ng\u00e0y, n\u00ean n\u1ebfu b\u1ea1n chuy\u1ec3n nhi\u1ec1u l\u1ea7n ho\u1eb7c chuy\u1ec3n kho\u1ea3n s\u1ed1 l\u1edbn, h\u00e3y ki\u1ec3m tra v\u1edbi ng\u00e2n h\u00e0ng tr\u01b0\u1edbc \u0111\u1ec3 tr\u00e1nh b\u1ecb ch\u1eb7n giao d\u1ecbch.<\/span><\/p>\n<figure id=\"attachment_656\" aria-describedby=\"caption-attachment-656\" style=\"width: 900px\" class=\"wp-caption aligncenter\"><img loading=\"lazy\" decoding=\"async\" class=\"size-full wp-image-656\" src=\"https:\/\/ebwt.org\/wp-content\/uploads\/2025\/06\/luu-y-gioi-han-nap-tien-h3bet.webp\" alt=\"L\u01b0u \u00fd gi\u1edbi h\u1ea1n n\u1ea1p ti\u1ec1n H3BET\" width=\"900\" height=\"520\" srcset=\"https:\/\/ebwt.org\/wp-content\/uploads\/2025\/06\/luu-y-gioi-han-nap-tien-h3bet.webp 900w, https:\/\/ebwt.org\/wp-content\/uploads\/2025\/06\/luu-y-gioi-han-nap-tien-h3bet-300x173.webp 300w, https:\/\/ebwt.org\/wp-content\/uploads\/2025\/06\/luu-y-gioi-han-nap-tien-h3bet-768x444.webp 768w\" sizes=\"auto, (max-width: 900px) 100vw, 900px\" \/><figcaption id=\"caption-attachment-656\" class=\"wp-caption-text\">L\u01b0u \u00fd gi\u1edbi h\u1ea1n n\u1ea1p ti\u1ec1n H3BET<\/figcaption><\/figure>\n<h3><span class=\"ez-toc-section\" id=\"Duy_tri_mang_on_dinh_de_khong_gian_doan_thao_tac\"><\/span><span style=\"font-weight: 400;\">Duy tr\u00ec m\u1ea1ng \u1ed5n \u0111\u1ecbnh \u0111\u1ec3 kh\u00f4ng gi\u00e1n \u0111o\u1ea1n thao t\u00e1c<\/span><span class=\"ez-toc-section-end\"><\/span><\/h3>\n<p><span style=\"font-weight: 400;\">N\u1ea1p ti\u1ec1n H3BET online c\u1ea7n m\u1ea1ng t\u1ed1t. N\u1ebfu k\u1ebft n\u1ed1i y\u1ebfu ho\u1eb7c m\u1ea5t s\u00f3ng gi\u1eefa ch\u1eebng, b\u1ea1n c\u00f3 th\u1ec3 b\u1ecb gi\u00e1n \u0111o\u1ea1n khi \u0111ang thao t\u00e1c \u0111\u1eb7c bi\u1ec7t l\u00e0 l\u00fac l\u1ea5y th\u00f4ng tin t\u00e0i kho\u1ea3n nh\u1eadn ho\u1eb7c \u0111ang chuy\u1ec3n kho\u1ea3n qua app ng\u00e2n h\u00e0ng. Khi chu\u1ea9n b\u1ecb thao t\u00e1c h\u00e3y ch\u1eafc ch\u1eafn r\u1eb1ng thi\u1ebft b\u1ecb c\u1ee7a b\u1ea1n \u0111ang k\u1ebft n\u1ed1i m\u1ea1ng \u1ed5n \u0111\u1ecbnh. T\u1ed1t nh\u1ea5t l\u00e0 s\u1eed d\u1ee5ng wifi ho\u1eb7c 4G t\u1ed1c \u0111\u1ed9 cao, tr\u00e1nh d\u00f9ng 3G ho\u1eb7c c\u00e1c \u0111i\u1ec3m ph\u00e1t kh\u00f4ng \u1ed5n \u0111\u1ecbnh.<\/span><\/p>\n<p><span style=\"font-weight: 400;\">\u0110\u1eebng n\u1ea1p ti\u1ec1n H3BET khi \u0111ang \u1edf thang m\u00e1y, trong xe di chuy\u1ec3n hay c\u00e1c khu v\u1ef1c b\u1eaft s\u00f3ng k\u00e9m. Nh\u1eefng n\u01a1i nh\u01b0 t\u1ea7ng h\u1ea7m, qu\u00e1n c\u00e0 ph\u00ea \u0111\u00f4ng ng\u01b0\u1eddi hay khu v\u1ef1c xa tr\u1ea1m ph\u00e1t s\u00f3ng th\u01b0\u1eddng d\u1ec5 l\u00e0m m\u1ea5t t\u00edn hi\u1ec7u m\u1ea1ng. N\u1ebfu b\u1ea1n \u0111ang th\u1ef1c hi\u1ec7n giao d\u1ecbch v\u00e0 b\u1ecb gi\u00e1n \u0111o\u1ea1n, c\u00f3 th\u1ec3 h\u1ec7 th\u1ed1ng kh\u00f4ng ghi nh\u1eadn \u0111\u01b0\u1ee3c ho\u1eb7c t\u1ec7 h\u01a1n b\u1ea1n l\u1ee1 chuy\u1ec3n kho\u1ea3n m\u00e0 kh\u00f4ng t\u1ea3i \u0111\u01b0\u1ee3c bi\u00ean lai th\u00ec vi\u1ec7c x\u00e1c minh sau \u0111\u00f3 s\u1ebd ph\u1ee9c t\u1ea1p h\u01a1n.<\/span><\/p>\n<h2><span class=\"ez-toc-section\" id=\"Loi_ket\"><\/span><span style=\"font-weight: 400;\">L\u1eddi k\u1ebft<\/span><span class=\"ez-toc-section-end\"><\/span><\/h2>\n<p><b>N\u1ea1p ti\u1ec1n H3BET<\/b><span style=\"font-weight: 400;\"> l\u00e0 b\u01b0\u1edbc kh\u1edfi \u0111\u1ea7u quan tr\u1ecdng gi\u00fap ng\u01b0\u1eddi ch\u01a1i tham gia s\u00e2n ch\u01a1i m\u1ed9t c\u00e1ch ch\u1ee7 \u0111\u1ed9ng. D\u00f9 ch\u1ec9 h\u1ed7 tr\u1ee3 chuy\u1ec3n kho\u1ea3n ng\u00e2n h\u00e0ng, nh\u01b0ng quy tr\u00ecnh c\u1ee7a <\/span><b>H3BET<\/b><span style=\"font-weight: 400;\"> \u0111\u01b0\u1ee3c \u0111\u00e1nh gi\u00e1 l\u00e0 minh b\u1ea1ch, nhanh ch\u00f3ng v\u00e0 th\u00e2n thi\u1ec7n v\u1edbi c\u1ea3 ng\u01b0\u1eddi m\u1edbi. H\u00e3y lu\u00f4n \u0111\u1ea3m b\u1ea3o nh\u1eadp \u0111\u00fang th\u00f4ng tin, gi\u1eef m\u1ea1ng \u1ed5n \u0111\u1ecbnh v\u00e0 \u0111\u1ecdc k\u1ef9 h\u01b0\u1edbng d\u1eabn tr\u01b0\u1edbc khi th\u1ef1c hi\u1ec7n b\u1ea5t k\u1ef3 giao d\u1ecbch n\u00e0o.<\/span><\/p>\n","protected":false},"excerpt":{"rendered":"<p>N\u1ea1p ti\u1ec1n H3BET l\u00e0 b\u01b0\u1edbc quan tr\u1ecdng \u0111\u1ec3 b\u1eaft \u0111\u1ea7u h\u00e0nh tr\u00ecnh c\u00e1 c\u01b0\u1ee3c t\u1ea1i n\u1ec1n t\u1ea3ng n\u00e0y. Nh\u00e0 c\u00e1i H3BET ch\u1ec9 cung c\u1ea5p m\u1ed9t h\u00ecnh th\u1ee9c g\u1eedi ti\u1ec1n duy nh\u1ea5t l\u00e0 qua ng\u00e2n h\u00e0ng, nh\u01b0ng lu\u00f4n \u0111\u1ea3m b\u1ea3o x\u1eed l\u00fd nhanh, minh b\u1ea1ch v\u00e0 \u0111\u1ed9 an to\u00e0n cao. Nh\u1edd th\u1ebf th\u01b0\u01a1ng hi\u1ec7u n\u00e0y \u0111ang [&#8230;]\n","protected":false},"author":3,"featured_media":657,"parent":0,"menu_order":0,"comment_status":"closed","ping_status":"closed","template":"page-blank-title-center.php","meta":{"footnotes":""},"class_list":["post-653","page","type-page","status-publish","has-post-thumbnail","hentry"],"_links":{"self":[{"href":"https:\/\/ebwt.org\/index.php?rest_route=\/wp\/v2\/pages\/653","targetHints":{"allow":["GET"]}}],"collection":[{"href":"https:\/\/ebwt.org\/index.php?rest_route=\/wp\/v2\/pages"}],"about":[{"href":"https:\/\/ebwt.org\/index.php?rest_route=\/wp\/v2\/types\/page"}],"author":[{"embeddable":true,"href":"https:\/\/ebwt.org\/index.php?rest_route=\/wp\/v2\/users\/3"}],"replies":[{"embeddable":true,"href":"https:\/\/ebwt.org\/index.php?rest_route=%2Fwp%2Fv2%2Fcomments&post=653"}],"version-history":[{"count":0,"href":"https:\/\/ebwt.org\/index.php?rest_route=\/wp\/v2\/pages\/653\/revisions"}],"wp:featuredmedia":[{"embeddable":true,"href":"https:\/\/ebwt.org\/index.php?rest_route=\/wp\/v2\/media\/657"}],"wp:attachment":[{"href":"https:\/\/ebwt.org\/index.php?rest_route=%2Fwp%2Fv2%2Fmedia&parent=653"}],"curies":[{"name":"wp","href":"https:\/\/api.w.org\/{rel}","templated":true}]}}