{"id":645,"date":"2025-06-04T02:20:14","date_gmt":"2025-06-04T02:20:14","guid":{"rendered":"https:\/\/ebwt.org\/?page_id=645"},"modified":"2025-06-17T08:12:45","modified_gmt":"2025-06-17T08:12:45","slug":"dang-nhap-h3bet","status":"publish","type":"page","link":"https:\/\/ebwt.org\/?page_id=645","title":{"rendered":"\u0110\u0103ng Nh\u1eadp H3BET \u2013 Thao T\u00e1c B\u1eaft \u0110\u1ea7u Tr\u1ea3i Nghi\u1ec7m \u0110\u01a1n Gi\u1ea3n"},"content":{"rendered":"<p><a href=\"https:\/\/ebwt.org\/dang-nhap-h3bet\/\"><b>\u0110\u0103ng nh\u1eadp H3BET<\/b><\/a><span style=\"font-weight: 400;\"> l\u00e0 b\u01b0\u1edbc \u0111\u1ea7u ti\u00ean m\u1edf ra c\u00e1nh c\u1eeda \u0111\u1ebfn kho tr\u00f2 ch\u01a1i phong ph\u00fa tr\u00ean n\u1ec1n t\u1ea3ng gi\u1ea3i tr\u00ed h\u00e0ng \u0111\u1ea7u hi\u1ec7n nay. Ch\u1ec9 c\u1ea7n \u0111i\u1ec1n ch\u00ednh x\u00e1c th\u00f4ng tin, h\u1ed9i vi\u00ean <\/span><a href=\"https:\/\/ebwt.org\/\"><b>H3BET<\/b><\/a><span style=\"font-weight: 400;\"> c\u00f3 th\u1ec3 d\u1ec5 d\u00e0ng truy c\u1eadp h\u1ec7 th\u1ed1ng, tr\u1ea3i nghi\u1ec7m tr\u1ecdn v\u1eb9n c\u00e1c d\u1ecbch v\u1ee5 ch\u1ea5t l\u01b0\u1ee3ng, giao d\u1ecbch nhanh ch\u00f3ng v\u00e0 t\u1eadn h\u01b0\u1edfng nh\u1eefng ph\u00fat gi\u00e2y gi\u1ea3i tr\u00ed \u0111\u1ec9nh cao m\u1ed7i ng\u00e0y.<\/span><\/p>\n<div id=\"ez-toc-container\" class=\"ez-toc-v2_0_80 counter-hierarchy ez-toc-counter ez-toc-grey ez-toc-container-direction\">\n<div class=\"ez-toc-title-container\">\n<p class=\"ez-toc-title\" style=\"cursor:inherit\">Table of Contents<\/p>\n<span class=\"ez-toc-title-toggle\"><a href=\"#\" class=\"ez-toc-pull-right ez-toc-btn ez-toc-btn-xs ez-toc-btn-default ez-toc-toggle\" aria-label=\"Toggle Table of Content\"><span class=\"ez-toc-js-icon-con\"><span class=\"\"><span class=\"eztoc-hide\" style=\"display:none;\">Toggle<\/span><span class=\"ez-toc-icon-toggle-span\"><svg style=\"fill: #999;color:#999\" xmlns=\"http:\/\/www.w3.org\/2000\/svg\" class=\"list-377408\" width=\"20px\" height=\"20px\" viewBox=\"0 0 24 24\" fill=\"none\"><path d=\"M6 6H4v2h2V6zm14 0H8v2h12V6zM4 11h2v2H4v-2zm16 0H8v2h12v-2zM4 16h2v2H4v-2zm16 0H8v2h12v-2z\" fill=\"currentColor\"><\/path><\/svg><svg style=\"fill: #999;color:#999\" class=\"arrow-unsorted-368013\" xmlns=\"http:\/\/www.w3.org\/2000\/svg\" width=\"10px\" height=\"10px\" viewBox=\"0 0 24 24\" version=\"1.2\" baseProfile=\"tiny\"><path d=\"M18.2 9.3l-6.2-6.3-6.2 6.3c-.2.2-.3.4-.3.7s.1.5.3.7c.2.2.4.3.7.3h11c.3 0 .5-.1.7-.3.2-.2.3-.5.3-.7s-.1-.5-.3-.7zM5.8 14.7l6.2 6.3 6.2-6.3c.2-.2.3-.5.3-.7s-.1-.5-.3-.7c-.2-.2-.4-.3-.7-.3h-11c-.3 0-.5.1-.7.3-.2.2-.3.5-.3.7s.1.5.3.7z\"\/><\/svg><\/span><\/span><\/span><\/a><\/span><\/div>\n<nav><ul class='ez-toc-list ez-toc-list-level-1 ' ><li class='ez-toc-page-1 ez-toc-heading-level-2'><a class=\"ez-toc-link ez-toc-heading-1\" href=\"https:\/\/ebwt.org\/?page_id=645\/#Quy_dinh_can_nam_khi_dang_nhap_H3BET\" >Quy \u0111\u1ecbnh c\u1ea7n n\u1eafm khi \u0111\u0103ng nh\u1eadp H3BET<\/a><\/li><li class='ez-toc-page-1 ez-toc-heading-level-2'><a class=\"ez-toc-link ez-toc-heading-2\" href=\"https:\/\/ebwt.org\/?page_id=645\/#Huong_dan_chi_tiet_thao_tac_dang_nhap_H3BET\" >H\u01b0\u1edbng d\u1eabn chi ti\u1ebft thao t\u00e1c \u0111\u0103ng nh\u1eadp H3BET<\/a><ul class='ez-toc-list-level-3' ><li class='ez-toc-heading-level-3'><a class=\"ez-toc-link ez-toc-heading-3\" href=\"https:\/\/ebwt.org\/?page_id=645\/#Buoc_1_Vao_dung_link_cua_diem_cuoc_truc_tuyen\" >B\u01b0\u1edbc 1: V\u00e0o \u0111\u00fang link c\u1ee7a \u0111i\u1ec3m c\u01b0\u1ee3c tr\u1ef1c tuy\u1ebfn<\/a><\/li><li class='ez-toc-page-1 ez-toc-heading-level-3'><a class=\"ez-toc-link ez-toc-heading-4\" href=\"https:\/\/ebwt.org\/?page_id=645\/#Buoc_2_Dien_thong_tin_tai_khoan_chinh_xac_dang_nhap_H3BET\" >B\u01b0\u1edbc 2: \u0110i\u1ec1n th\u00f4ng tin t\u00e0i kho\u1ea3n ch\u00ednh x\u00e1c \u0111\u0103ng nh\u1eadp H3BET<\/a><\/li><li class='ez-toc-page-1 ez-toc-heading-level-3'><a class=\"ez-toc-link ez-toc-heading-5\" href=\"https:\/\/ebwt.org\/?page_id=645\/#Buoc_3_Xac_nhan_he_thong_va_vao_trang\" >B\u01b0\u1edbc 3: X\u00e1c nh\u1eadn h\u1ec7 th\u1ed1ng v\u00e0 v\u00e0o trang<\/a><\/li><\/ul><\/li><li class='ez-toc-page-1 ez-toc-heading-level-2'><a class=\"ez-toc-link ez-toc-heading-6\" href=\"https:\/\/ebwt.org\/?page_id=645\/#Cac_loi_thuong_gap_khi_dang_nhap_H3BET_va_cach_xu_ly\" >C\u00e1c l\u1ed7i th\u01b0\u1eddng g\u1eb7p khi \u0111\u0103ng nh\u1eadp H3BET v\u00e0 c\u00e1ch x\u1eed l\u00fd<\/a><ul class='ez-toc-list-level-3' ><li class='ez-toc-heading-level-3'><a class=\"ez-toc-link ez-toc-heading-7\" href=\"https:\/\/ebwt.org\/?page_id=645\/#Nhap_sai_thong_tin_de_vao_trang_cuoc\" >Nh\u1eadp sai th\u00f4ng tin \u0111\u1ec3 v\u00e0o trang c\u01b0\u1ee3c<\/a><\/li><li class='ez-toc-page-1 ez-toc-heading-level-3'><a class=\"ez-toc-link ez-toc-heading-8\" href=\"https:\/\/ebwt.org\/?page_id=645\/#Ket_noi_mang_khong_on_dinh\" >K\u1ebft n\u1ed1i m\u1ea1ng kh\u00f4ng \u1ed5n \u0111\u1ecbnh<\/a><\/li><li class='ez-toc-page-1 ez-toc-heading-level-3'><a class=\"ez-toc-link ez-toc-heading-9\" href=\"https:\/\/ebwt.org\/?page_id=645\/#He_thong_bao_tri_hoac_bi_loi\" >H\u1ec7 th\u1ed1ng b\u1ea3o tr\u00ec ho\u1eb7c b\u1ecb l\u1ed7i<\/a><\/li><li class='ez-toc-page-1 ez-toc-heading-level-3'><a class=\"ez-toc-link ez-toc-heading-10\" href=\"https:\/\/ebwt.org\/?page_id=645\/#Khong_the_truy_cap_vao_trang\" >Kh\u00f4ng th\u1ec3 truy c\u1eadp v\u00e0o trang<\/a><\/li><li class='ez-toc-page-1 ez-toc-heading-level-3'><a class=\"ez-toc-link ez-toc-heading-11\" href=\"https:\/\/ebwt.org\/?page_id=645\/#Bi_tan_cong_boi_ma_doc_ung_dung_gia_mao\" >B\u1ecb t\u1ea5n c\u00f4ng b\u1edfi m\u00e3 \u0111\u1ed9c, \u1ee9ng d\u1ee5ng gi\u1ea3 m\u1ea1o<\/a><\/li><\/ul><\/li><li class='ez-toc-page-1 ez-toc-heading-level-2'><a class=\"ez-toc-link ez-toc-heading-12\" href=\"https:\/\/ebwt.org\/?page_id=645\/#Ket_luan\" >K\u1ebft lu\u1eadn<\/a><\/li><\/ul><\/nav><\/div>\n<h2><span class=\"ez-toc-section\" id=\"Quy_dinh_can_nam_khi_dang_nhap_H3BET\"><\/span><span style=\"font-weight: 400;\">Quy \u0111\u1ecbnh c\u1ea7n n\u1eafm khi \u0111\u0103ng nh\u1eadp H3BET<\/span><span class=\"ez-toc-section-end\"><\/span><\/h2>\n<p><span style=\"font-weight: 400;\">\u0110\u1ec3 vi\u1ec7c truy c\u1eadp h\u1ec7 th\u1ed1ng di\u1ec5n ra m\u01b0\u1ee3t m\u00e0, ng\u01b0\u1eddi ch\u01a1i c\u1ea7n \u0111\u1ea3m b\u1ea3o m\u1ed9t s\u1ed1 quy \u0111\u1ecbnh c\u01a1 b\u1ea3n tr\u01b0\u1edbc khi th\u1ef1c hi\u1ec7n \u0111\u0103ng nh\u1eadp H3BET:<\/span><\/p>\n<ul>\n<li style=\"font-weight: 400;\" aria-level=\"1\"><span style=\"font-weight: 400;\">Tr\u01b0\u1edbc h\u1ebft, b\u1ea1n \u0111\u00e3 \u0111\u0103ng k\u00fd t\u00e0i kho\u1ea3n h\u1ee3p l\u1ec7. H\u1ec7 th\u1ed1ng ch\u1ec9 cho ph\u00e9p \u0111\u0103ng nh\u1eadp H3BET n\u1ebfu t\u00e0i kho\u1ea3n \u0111\u00e3 \u0111\u01b0\u1ee3c x\u00e1c minh \u0111\u1ea7y \u0111\u1ee7 th\u00f4ng tin c\u00e1 nh\u00e2n.<\/span><\/li>\n<li style=\"font-weight: 400;\" aria-level=\"1\"><span style=\"font-weight: 400;\">Ng\u01b0\u1eddi ch\u01a1i c\u1ea7n tr\u00ean 18 tu\u1ed5i theo quy \u0111\u1ecbnh c\u1ee7a n\u1ec1n t\u1ea3ng. M\u1ecdi h\u00e0nh vi s\u1eed d\u1ee5ng th\u00f4ng tin gi\u1ea3 m\u1ea1o ho\u1eb7c \u0111\u0103ng k\u00fd sai quy \u0111\u1ecbnh s\u1ebd b\u1ecb x\u1eed l\u00fd nghi\u00eam ng\u1eb7t.<\/span><\/li>\n<li style=\"font-weight: 400;\" aria-level=\"1\"><span style=\"font-weight: 400;\">\u0110\u1ea3m b\u1ea3o tu\u00e2n th\u1ee7 to\u00e0n b\u1ed9 \u0111i\u1ec1u kho\u1ea3n s\u1eed d\u1ee5ng c\u1ee7a H3BET. B\u1ea5t k\u1ef3 h\u00e0nh \u0111\u1ed9ng n\u00e0o vi ph\u1ea1m nh\u01b0 login nhi\u1ec1u thi\u1ebft b\u1ecb b\u1ea5t th\u01b0\u1eddng, thao t\u00e1c gian l\u1eadn \u0111\u1ec1u c\u00f3 th\u1ec3 d\u1eabn \u0111\u1ebfn kho\u00e1 t\u00e0i kho\u1ea3n. Vi\u1ec7c tu\u00e2n th\u1ee7 quy t\u1eafc l\u00e0 y\u1ebfu t\u1ed1 b\u1eaft bu\u1ed9c \u0111\u1ec3 ng\u01b0\u1eddi ch\u01a1i c\u00f3 th\u1ec3 duy tr\u00ec ho\u1ea1t \u0111\u1ed9ng l\u00e2u d\u00e0i v\u00e0 \u1ed5n \u0111\u1ecbnh t\u1ea1i s\u00e2n ch\u01a1i.<\/span><\/li>\n<\/ul>\n<figure id=\"attachment_646\" aria-describedby=\"caption-attachment-646\" style=\"width: 900px\" class=\"wp-caption aligncenter\"><img loading=\"lazy\" decoding=\"async\" class=\"size-full wp-image-646\" src=\"https:\/\/ebwt.org\/wp-content\/uploads\/2025\/06\/cap-nhat-quy-dinh-can-nho-khi-dang-nhap-h3bet.webp\" alt=\"C\u1eadp nh\u1eadt quy \u0111\u1ecbnh c\u1ea7n nh\u1edb khi \u0111\u0103ng nh\u1eadp H3BET\" width=\"900\" height=\"520\" srcset=\"https:\/\/ebwt.org\/wp-content\/uploads\/2025\/06\/cap-nhat-quy-dinh-can-nho-khi-dang-nhap-h3bet.webp 900w, https:\/\/ebwt.org\/wp-content\/uploads\/2025\/06\/cap-nhat-quy-dinh-can-nho-khi-dang-nhap-h3bet-300x173.webp 300w, https:\/\/ebwt.org\/wp-content\/uploads\/2025\/06\/cap-nhat-quy-dinh-can-nho-khi-dang-nhap-h3bet-768x444.webp 768w\" sizes=\"auto, (max-width: 900px) 100vw, 900px\" \/><figcaption id=\"caption-attachment-646\" class=\"wp-caption-text\">C\u1eadp nh\u1eadt quy \u0111\u1ecbnh c\u1ea7n nh\u1edb khi \u0111\u0103ng nh\u1eadp H3BET<\/figcaption><\/figure>\n<h2><span class=\"ez-toc-section\" id=\"Huong_dan_chi_tiet_thao_tac_dang_nhap_H3BET\"><\/span><span style=\"font-weight: 400;\">H\u01b0\u1edbng d\u1eabn chi ti\u1ebft thao t\u00e1c \u0111\u0103ng nh\u1eadp H3BET<\/span><span class=\"ez-toc-section-end\"><\/span><\/h2>\n<p><span style=\"font-weight: 400;\">\u0110\u1ec3 tr\u00e1nh nh\u1eefng l\u1ed7i kh\u00f4ng \u0111\u00e1ng c\u00f3 khi b\u1eaft \u0111\u1ea7u tr\u1ea3i nghi\u1ec7m, d\u01b0\u1edbi \u0111\u00e2y l\u00e0 tr\u00ecnh t\u1ef1 \u0111\u00fang \u0111\u1ec3 h\u1ed9i vi\u00ean th\u1ef1c hi\u1ec7n login H3BET an to\u00e0n:<\/span><\/p>\n<h3><span class=\"ez-toc-section\" id=\"Buoc_1_Vao_dung_link_cua_diem_cuoc_truc_tuyen\"><\/span><span style=\"font-weight: 400;\">B\u01b0\u1edbc 1: V\u00e0o \u0111\u00fang link c\u1ee7a \u0111i\u1ec3m c\u01b0\u1ee3c tr\u1ef1c tuy\u1ebfn<\/span><span class=\"ez-toc-section-end\"><\/span><\/h3>\n<p><span style=\"font-weight: 400;\">Ng\u01b0\u1eddi ch\u01a1i c\u1ea7n \u0111\u1ea3m b\u1ea3o \u0111ang truy c\u1eadp v\u00e0o <\/span><b>link \u0111\u0103ng nh\u1eadp H3BET<\/b><span style=\"font-weight: 400;\"> ch\u00ednh th\u1ee9c. Vi\u1ec7c nh\u1ea7m l\u1eabn v\u00e0o c\u00e1c trang gi\u1ea3 m\u1ea1o c\u00f3 th\u1ec3 d\u1eabn \u0111\u1ebfn r\u00f2 r\u1ec9 th\u00f4ng tin c\u00e1 nh\u00e2n. B\u1ea1n c\u00f3 th\u1ec3 l\u1ea5y link ch\u00ednh th\u1ee9c t\u1eeb b\u1ed9 ph\u1eadn ch\u0103m s\u00f3c kh\u00e1ch h\u00e0ng ho\u1eb7c k\u00eanh m\u1ea1ng x\u00e3 h\u1ed9i ch\u00ednh th\u1ee9c. H\u00e3y l\u01b0u l\u1ea1i \u0111\u01b0\u1eddng d\u1eabn ph\u00f2ng tr\u01b0\u1eddng h\u1ee3p trang b\u1ecb ch\u1eb7n.<\/span><\/p>\n<h3><span class=\"ez-toc-section\" id=\"Buoc_2_Dien_thong_tin_tai_khoan_chinh_xac_dang_nhap_H3BET\"><\/span><span style=\"font-weight: 400;\">B\u01b0\u1edbc 2: \u0110i\u1ec1n th\u00f4ng tin t\u00e0i kho\u1ea3n ch\u00ednh x\u00e1c \u0111\u0103ng nh\u1eadp H3BET<\/span><span class=\"ez-toc-section-end\"><\/span><\/h3>\n<p><span style=\"font-weight: 400;\">Sau khi v\u00e0o \u0111\u00fang trang, ch\u1ecdn n\u00fat \u201c\u0110\u0103ng nh\u1eadp\u201d v\u00e0 nh\u1eadp c\u00e1c tr\u01b0\u1eddng th\u00f4ng tin bao g\u1ed3m:<\/span><\/p>\n<ul>\n<li style=\"font-weight: 400;\" aria-level=\"1\"><span style=\"font-weight: 400;\">T\u00ean t\u00e0i kho\u1ea3n: Tr\u00f9ng kh\u1edbp ho\u00e0n to\u00e0n v\u1edbi l\u00fac \u0111\u0103ng k\u00fd.<\/span><\/li>\n<li style=\"font-weight: 400;\" aria-level=\"1\"><span style=\"font-weight: 400;\">M\u1eadt kh\u1ea9u: Nh\u1eadp \u0111\u00fang d\u1eef li\u1ec7u \u0111\u00e3 \u0111\u01b0a l\u00ean h\u1ec7 th\u1ed1ng.<\/span><\/li>\n<\/ul>\n<p><span style=\"font-weight: 400;\">Thao t\u00e1c \u0111\u01a1n gi\u1ea3n n\u00e0y ch\u1ec9 m\u1ea5t ch\u01b0a \u0111\u1ea7y 1 ph\u00fat n\u1ebfu b\u1ea1n \u0111\u00e3 chu\u1ea9n b\u1ecb s\u1eb5n d\u1eef li\u1ec7u. B\u1ea1n s\u1ebd kh\u00f4ng kh\u00f3 kh\u0103n \u0111\u1ec3 b\u1eaft \u0111\u1ea7u tr\u1ea3i nghi\u1ec7m c\u00e1 c\u01b0\u1ee3c t\u1ea1i \u0111i\u1ec3m c\u01b0\u1ee3c tr\u1ef1c tuy\u1ebfn.<\/span><\/p>\n<figure id=\"attachment_649\" aria-describedby=\"caption-attachment-649\" style=\"width: 900px\" class=\"wp-caption aligncenter\"><img loading=\"lazy\" decoding=\"async\" class=\"size-full wp-image-649\" src=\"https:\/\/ebwt.org\/wp-content\/uploads\/2025\/06\/nhap-chinh-xac-du-lieu-de-dang-nhap-h3bet-nhanh-chong.webp\" alt=\"Nh\u1eadp ch\u00ednh x\u00e1c d\u1eef li\u1ec7u \u0111\u1ec3 \u0111\u0103ng nh\u1eadp H3BET nhanh ch\u00f3ng\" width=\"900\" height=\"520\" srcset=\"https:\/\/ebwt.org\/wp-content\/uploads\/2025\/06\/nhap-chinh-xac-du-lieu-de-dang-nhap-h3bet-nhanh-chong.webp 900w, https:\/\/ebwt.org\/wp-content\/uploads\/2025\/06\/nhap-chinh-xac-du-lieu-de-dang-nhap-h3bet-nhanh-chong-300x173.webp 300w, https:\/\/ebwt.org\/wp-content\/uploads\/2025\/06\/nhap-chinh-xac-du-lieu-de-dang-nhap-h3bet-nhanh-chong-768x444.webp 768w\" sizes=\"auto, (max-width: 900px) 100vw, 900px\" \/><figcaption id=\"caption-attachment-649\" class=\"wp-caption-text\">Nh\u1eadp ch\u00ednh x\u00e1c d\u1eef li\u1ec7u \u0111\u1ec3 \u0111\u0103ng nh\u1eadp H3BET nhanh ch\u00f3ng<\/figcaption><\/figure>\n<h3><span class=\"ez-toc-section\" id=\"Buoc_3_Xac_nhan_he_thong_va_vao_trang\"><\/span><span style=\"font-weight: 400;\">B\u01b0\u1edbc 3: X\u00e1c nh\u1eadn h\u1ec7 th\u1ed1ng v\u00e0 v\u00e0o trang<\/span><span class=\"ez-toc-section-end\"><\/span><\/h3>\n<p><span style=\"font-weight: 400;\">H\u1ec7 th\u1ed1ng s\u1ebd y\u00eau c\u1ea7u b\u1ea1n x\u00e1c minh captcha \u0111\u1ec3 ki\u1ec3m tra quy\u1ec1n truy c\u1eadp h\u1ee3p l\u1ec7. \u0110\u00e2y l\u00e0 b\u01b0\u1edbc quan tr\u1ecdng nh\u1eb1m b\u1ea3o v\u1ec7 t\u00e0i kho\u1ea3n kh\u1ecfi c\u00e1c truy c\u1eadp kh\u00f4ng an to\u00e0n ho\u1eb7c t\u1ea5n c\u00f4ng t\u1ef1 \u0111\u1ed9ng. Sau khi ho\u00e0n t\u1ea5t, b\u1ea1n ch\u1ec9 c\u1ea7n nh\u1ea5n \u201c\u0110\u0103ng nh\u1eadp\u201d \u0111\u1ec3 ho\u00e0n th\u00e0nh qu\u00e1 tr\u00ecnh.<\/span><\/p>\n<p>&gt;&gt;<em>Xem th\u00eam: <a href=\"https:\/\/ebwt.org\/dang-ky-h3bet\/\"><strong>\u0110\u0103ng K\u00fd H3BET &#8211; B\u01b0\u1edbc \u0110\u1ea7u Tr\u1ea3i Nghi\u1ec7m Nh\u00e0 C\u00e1i Uy T\u00edn Nh\u1ea5t 2025<\/strong><\/a><\/em><\/p>\n<h2><span class=\"ez-toc-section\" id=\"Cac_loi_thuong_gap_khi_dang_nhap_H3BET_va_cach_xu_ly\"><\/span><span style=\"font-weight: 400;\">C\u00e1c l\u1ed7i th\u01b0\u1eddng g\u1eb7p khi \u0111\u0103ng nh\u1eadp H3BET v\u00e0 c\u00e1ch x\u1eed l\u00fd<\/span><span class=\"ez-toc-section-end\"><\/span><\/h2>\n<p><span style=\"font-weight: 400;\">Ngay c\u1ea3 khi th\u1ef1c hi\u1ec7n \u0111\u00fang quy tr\u00ecnh, ng\u01b0\u1eddi ch\u01a1i v\u1eabn c\u00f3 th\u1ec3 g\u1eb7p m\u1ed9t s\u1ed1 s\u1ef1 c\u1ed1 ngo\u00e0i \u00fd mu\u1ed1n trong qu\u00e1 tr\u00ecnh \u0111\u0103ng nh\u1eadp H3BET. Vi\u1ec7c n\u1eafm b\u1eaft nguy\u00ean nh\u00e2n v\u00e0 bi\u1ebft c\u00e1ch x\u1eed l\u00fd k\u1ecbp th\u1eddi s\u1ebd gi\u00fap b\u1ea1n kh\u00f4ng gi\u00e1n \u0111o\u1ea1n tr\u1ea3i nghi\u1ec7m.<\/span><\/p>\n<h3><span class=\"ez-toc-section\" id=\"Nhap_sai_thong_tin_de_vao_trang_cuoc\"><\/span><span style=\"font-weight: 400;\">Nh\u1eadp sai th\u00f4ng tin \u0111\u1ec3 v\u00e0o trang c\u01b0\u1ee3c<\/span><span class=\"ez-toc-section-end\"><\/span><\/h3>\n<p><span style=\"font-weight: 400;\">\u0110\u00e2y l\u00e0 l\u1ed7i ph\u1ed5 bi\u1ebfn nh\u1ea5t. Ng\u01b0\u1eddi ch\u01a1i th\u01b0\u1eddng g\u00f5 nh\u1ea7m k\u00fd t\u1ef1 trong t\u00ean t\u00e0i kho\u1ea3n ho\u1eb7c m\u1eadt kh\u1ea9u, d\u1eabn \u0111\u1ebfn h\u1ec7 th\u1ed1ng b\u00e1o l\u1ed7i.<\/span><\/p>\n<ul>\n<li style=\"font-weight: 400;\" aria-level=\"1\"><span style=\"font-weight: 400;\">N\u1ebfu sai d\u01b0\u1edbi 3 l\u1ea7n, b\u1ea1n c\u00f3 th\u1ec3 th\u1eed l\u1ea1i v\u1edbi s\u1ef1 c\u1ea9n tr\u1ecdng h\u01a1n.<\/span><\/li>\n<li style=\"font-weight: 400;\" aria-level=\"1\"><span style=\"font-weight: 400;\">N\u1ebfu v\u01b0\u1ee3t qu\u00e1 s\u1ed1 l\u1ea7n gi\u1edbi h\u1ea1n, t\u00e0i kho\u1ea3n c\u00f3 th\u1ec3 t\u1ea1m th\u1eddi b\u1ecb kh\u00f3a \u0111\u1ec3 tr\u00e1nh b\u1ecb truy c\u1eadp tr\u00e1i ph\u00e9p.<\/span><\/li>\n<\/ul>\n<p><span style=\"font-weight: 400;\">Trong tr\u01b0\u1eddng h\u1ee3p kh\u00f4ng ghi nh\u1edb d\u1eef li\u1ec7u h\u00e3y nh\u1ea5n \u201cQu\u00ean m\u1eadt kh\u1ea9u\u201d b\u1ea1n s\u1ebd ti\u1ebfp t\u1ee5c truy c\u1eadp. M\u1ed9t \u0111\u01b0\u1eddng link x\u00e1c minh s\u1ebd \u0111\u01b0\u1ee3c g\u1eedi v\u1ec1 email ho\u1eb7c s\u1ed1 \u0111i\u1ec7n tho\u1ea1i \u0111\u00e3 \u0111\u0103ng k\u00fd. Sau v\u00e0i b\u01b0\u1edbc x\u00e1c th\u1ef1c danh t\u00ednh, b\u1ea1n s\u1ebd \u0111\u01b0\u1ee3c c\u1ea5p l\u1ea1i m\u1eadt kh\u1ea9u m\u1edbi \u0111\u1ec3 ti\u1ebfp t\u1ee5c s\u1eed d\u1ee5ng.<\/span><\/p>\n<h3><span class=\"ez-toc-section\" id=\"Ket_noi_mang_khong_on_dinh\"><\/span><span style=\"font-weight: 400;\">K\u1ebft n\u1ed1i m\u1ea1ng kh\u00f4ng \u1ed5n \u0111\u1ecbnh<\/span><span class=\"ez-toc-section-end\"><\/span><\/h3>\n<p><span style=\"font-weight: 400;\">Khi \u0111\u01b0\u1eddng truy\u1ec1n m\u1ea1ng ch\u1eadm ho\u1eb7c b\u1ecb gi\u00e1n \u0111o\u1ea1n, trang web H3BET s\u1ebd kh\u00f4ng th\u1ec3 t\u1ea3i \u0111\u1ea7y \u0111\u1ee7 giao di\u1ec7n. Ng\u01b0\u1eddi ch\u01a1i c\u00f3 th\u1ec3 nh\u1eadn \u0111\u01b0\u1ee3c th\u00f4ng b\u00e1o l\u1ed7i nh\u01b0 \u201cConnection Timeout\u201d ho\u1eb7c \u201cTrang kh\u00f4ng ph\u1ea3n h\u1ed3i\u201d. Nh\u1eefng gi\u1ea3i ph\u00e1p \u0111\u1ec3 ti\u1ebfp t\u1ee5c \u0111\u0103ng nh\u1eadp H3BET b\u1ea1n c\u1ea7n th\u1ef1c hi\u1ec7n l\u00e0:<\/span><\/p>\n<ul>\n<li style=\"font-weight: 400;\" aria-level=\"1\"><span style=\"font-weight: 400;\">Ki\u1ec3m tra l\u1ea1i k\u1ebft n\u1ed1i wifi ho\u1eb7c 4G b\u1ea1n \u0111ang d\u00f9ng.<\/span><\/li>\n<li style=\"font-weight: 400;\" aria-level=\"1\"><span style=\"font-weight: 400;\">N\u1ebfu truy c\u1eadp qua tr\u00ecnh duy\u1ec7t kh\u00f4ng th\u00e0nh c\u00f4ng, b\u1ea1n n\u00ean t\u1ea3i \u1ee9ng d\u1ee5ng ho\u1eb7c c\u00e0i 1.1.1.1 \u0111\u1ec3 v\u01b0\u1ee3t qua ch\u1eb7n m\u1ea1ng hi\u1ec7u qu\u1ea3.<\/span><\/li>\n<\/ul>\n<figure id=\"attachment_648\" aria-describedby=\"caption-attachment-648\" style=\"width: 900px\" class=\"wp-caption aligncenter\"><img loading=\"lazy\" decoding=\"async\" class=\"size-full wp-image-648\" src=\"https:\/\/ebwt.org\/wp-content\/uploads\/2025\/06\/luon-giu-ket-noi-internet-on-dinh-khi-dang-nhap-h3bet.webp\" alt=\"Lu\u00f4n gi\u1eef k\u1ebft n\u1ed1i internet \u1ed5n \u0111\u1ecbnh khi \u0111\u0103ng nh\u1eadp H3BET\" width=\"900\" height=\"520\" srcset=\"https:\/\/ebwt.org\/wp-content\/uploads\/2025\/06\/luon-giu-ket-noi-internet-on-dinh-khi-dang-nhap-h3bet.webp 900w, https:\/\/ebwt.org\/wp-content\/uploads\/2025\/06\/luon-giu-ket-noi-internet-on-dinh-khi-dang-nhap-h3bet-300x173.webp 300w, https:\/\/ebwt.org\/wp-content\/uploads\/2025\/06\/luon-giu-ket-noi-internet-on-dinh-khi-dang-nhap-h3bet-768x444.webp 768w\" sizes=\"auto, (max-width: 900px) 100vw, 900px\" \/><figcaption id=\"caption-attachment-648\" class=\"wp-caption-text\">Lu\u00f4n gi\u1eef k\u1ebft n\u1ed1i internet \u1ed5n \u0111\u1ecbnh khi \u0111\u0103ng nh\u1eadp H3BET<\/figcaption><\/figure>\n<h3><span class=\"ez-toc-section\" id=\"He_thong_bao_tri_hoac_bi_loi\"><\/span><span style=\"font-weight: 400;\">H\u1ec7 th\u1ed1ng b\u1ea3o tr\u00ec ho\u1eb7c b\u1ecb l\u1ed7i<\/span><span class=\"ez-toc-section-end\"><\/span><\/h3>\n<p><span style=\"font-weight: 400;\">Th\u1ec9nh tho\u1ea3ng, H3BET s\u1ebd ti\u1ebfn h\u00e0nh b\u1ea3o tr\u00ec h\u1ec7 th\u1ed1ng \u0111\u1ecbnh k\u1ef3 \u0111\u1ec3 n\u00e2ng c\u1ea5p t\u00ednh n\u0103ng ho\u1eb7c t\u0103ng c\u01b0\u1eddng b\u1ea3o m\u1eadt. Trong th\u1eddi gian n\u00e0y, c\u00e1c t\u00ednh n\u0103ng nh\u01b0 <\/span><b>login H3BET<\/b><span style=\"font-weight: 400;\"> c\u00f3 th\u1ec3 t\u1ea1m th\u1eddi b\u1ecb gi\u00e1n \u0111o\u1ea1n. M\u1ed9t s\u1ed1 d\u1ea5u hi\u1ec7u b\u1ea1n c\u00f3 th\u1ec3 g\u1eb7p l\u00e0:<\/span><\/p>\n<ul>\n<li style=\"font-weight: 400;\" aria-level=\"1\"><span style=\"font-weight: 400;\">Trang web load ch\u1eadm, kh\u00f4ng hi\u1ec3n th\u1ecb \u0111\u00fang.<\/span><\/li>\n<li style=\"font-weight: 400;\" aria-level=\"1\"><span style=\"font-weight: 400;\">Kh\u00f4ng th\u1ec3 \u0111i\u1ec1n th\u00f4ng tin \u0111\u0103ng nh\u1eadp H3BET ho\u1eb7c b\u1ecb out li\u00ean t\u1ee5c.<\/span><\/li>\n<\/ul>\n<p><span style=\"font-weight: 400;\">C\u00e1ch x\u1eed l\u00fd nh\u1eefng v\u1ea5n \u0111\u1ec1 n\u00e0y h\u1ebft s\u1ee9c \u0111\u01a1n gi\u1ea3n, b\u1ea1n h\u00e3y ki\u1ec3m tra tr\u00ean fanpage ch\u00ednh th\u1ee9c ho\u1eb7c chat v\u1edbi b\u1ed9 ph\u1eadn CSKH \u0111\u1ec3 bi\u1ebft l\u1ecbch b\u1ea3o tr\u00ec. \u0110\u1ee3i kho\u1ea3ng 10\u201330 ph\u00fat sau \u0111\u00f3 th\u1eed \u0111\u0103ng nh\u1eadp H3BET l\u1ea1i ch\u1eafc ch\u1eafn b\u1ea1n s\u1ebd nhanh ch\u00f3ng tr\u1ea3i nghi\u1ec7m thu\u1eadn l\u1ee3i.<\/span><\/p>\n<h3><span class=\"ez-toc-section\" id=\"Khong_the_truy_cap_vao_trang\"><\/span><span style=\"font-weight: 400;\">Kh\u00f4ng th\u1ec3 truy c\u1eadp v\u00e0o trang<\/span><span class=\"ez-toc-section-end\"><\/span><\/h3>\n<p><span style=\"font-weight: 400;\">N\u1ebfu b\u1ea1n li\u00ean t\u1ee5c nh\u1eadp sai th\u00f4ng tin, login t\u1eeb nhi\u1ec1u thi\u1ebft b\u1ecb l\u1ea1, ho\u1eb7c vi ph\u1ea1m ch\u00ednh s\u00e1ch n\u1ec1n t\u1ea3ng (\u0111\u0103ng nh\u1eadp tr\u00f9ng l\u1eb7p IP, h\u00e0nh vi gian l\u1eadn\u2026), h\u1ec7 th\u1ed1ng s\u1ebd t\u1ef1 \u0111\u1ed9ng kh\u00f3a t\u00e0i kho\u1ea3n \u0111\u1ec3 b\u1ea3o v\u1ec7 an to\u00e0n.\u00a0<\/span><\/p>\n<p><span style=\"font-weight: 400;\">Trong tr\u01b0\u1eddng h\u1ee3p b\u1ecb kh\u00f3a t\u1ea1m th\u1eddi h\u00e3y g\u1eedi y\u00eau c\u1ea7u x\u00e1c minh qua link \u0111\u0103ng nh\u1eadp H3BET ho\u1eb7c li\u00ean h\u1ec7 nh\u00e2n vi\u00ean h\u1ed7 tr\u1ee3 \u0111\u1ec3 \u0111\u01b0\u1ee3c ki\u1ec3m tra nguy\u00ean nh\u00e2n. N\u1ebfu b\u1ecb kh\u00f3a v\u0129nh vi\u1ec5n v\u00ec vi ph\u1ea1m nghi\u00eam tr\u1ecdng b\u1ea1n s\u1ebd \u0111\u01b0\u1ee3c th\u00f4ng b\u00e1o r\u00f5 l\u00fd do. Vi\u1ec7c ph\u1ee5c h\u1ed3i l\u00e0 r\u1ea5t kh\u00f3 v\u00e0 th\u01b0\u1eddng kh\u00f4ng th\u1ec3 th\u1ef1c hi\u1ec7n n\u1ebfu vi ph\u1ea1m ch\u00ednh s\u00e1ch.<\/span><\/p>\n<h3><span class=\"ez-toc-section\" id=\"Bi_tan_cong_boi_ma_doc_ung_dung_gia_mao\"><\/span><span style=\"font-weight: 400;\">B\u1ecb t\u1ea5n c\u00f4ng b\u1edfi m\u00e3 \u0111\u1ed9c, \u1ee9ng d\u1ee5ng gi\u1ea3 m\u1ea1o<\/span><span class=\"ez-toc-section-end\"><\/span><\/h3>\n<p><span style=\"font-weight: 400;\">M\u1ed9t r\u1ee7i ro ti\u1ec1m \u1ea9n n\u1eefa l\u00e0 th\u00e0nh vi\u00ean t\u1ea3i nh\u1ea7m \u1ee9ng d\u1ee5ng ho\u1eb7c click v\u00e0o c\u00e1c trang gi\u1ea3 danh H3BET d\u1eabn \u0111\u1ebfn b\u1ecb \u0111\u00e1nh c\u1eafp th\u00f4ng tin \u0111\u0103ng nh\u1eadp. Nh\u1eefng n\u1ec1n t\u1ea3ng gi\u1ea3 m\u1ea1o n\u00e0y th\u01b0\u1eddng y\u00eau c\u1ea7u nh\u1eadp t\u00e0i kho\u1ea3n, nh\u01b0ng sau \u0111\u00f3 l\u1ea5y c\u1eafp d\u1eef li\u1ec7u v\u00e0 ki\u1ec3m so\u00e1t t\u00e0i kho\u1ea3n th\u1eadt.<\/span><\/p>\n<p><span style=\"font-weight: 400;\">C\u00e1ch x\u1eed l\u00fd cho l\u1ed7i \u0111\u0103ng nh\u1eadp H3BET n\u00e0y l\u00e0:<\/span><\/p>\n<ul>\n<li style=\"font-weight: 400;\" aria-level=\"1\"><span style=\"font-weight: 400;\">Tuy\u1ec7t \u0111\u1ed1i kh\u00f4ng \u0111\u0103ng nh\u1eadp t\u1eeb link l\u1ea1, kh\u00f4ng ch\u00ednh ch\u1ee7.<\/span><\/li>\n<li style=\"font-weight: 400;\" aria-level=\"1\"><span style=\"font-weight: 400;\">C\u00e0i ph\u1ea7n m\u1ec1m ch\u1ed1ng virus tr\u00ean thi\u1ebft b\u1ecb v\u00e0 qu\u00e9t \u0111\u1ecbnh k\u1ef3.<\/span><\/li>\n<li style=\"font-weight: 400;\" aria-level=\"1\"><span style=\"font-weight: 400;\">Ch\u1ec9 truy c\u1eadp v\u00e0o trang ch\u00ednh th\u1ee9c ho\u1eb7c \u0111\u01b0\u1eddng d\u1eabn t\u1eeb CSKH.<\/span><\/li>\n<li style=\"font-weight: 400;\" aria-level=\"1\"><span style=\"font-weight: 400;\">N\u1ebfu ph\u00e1t hi\u1ec7n t\u00e0i kho\u1ea3n c\u00f3 d\u1ea5u hi\u1ec7u b\u1ea5t th\u01b0\u1eddng, h\u00e3y \u0111\u1ed5i m\u1eadt kh\u1ea9u ngay l\u1eadp t\u1ee9c v\u00e0 th\u00f4ng b\u00e1o \u0111\u1ebfn t\u1ed5ng \u0111\u00e0i c\u1ee7a \u0111i\u1ec3m c\u01b0\u1ee3c.<\/span><\/li>\n<\/ul>\n<h2><span class=\"ez-toc-section\" id=\"Ket_luan\"><\/span><span style=\"font-weight: 400;\">K\u1ebft lu\u1eadn<\/span><span class=\"ez-toc-section-end\"><\/span><\/h2>\n<p><b>\u0110\u0103ng nh\u1eadp H3BET<\/b><span style=\"font-weight: 400;\"> l\u00e0 thao t\u00e1c quan tr\u1ecdng gi\u00fap ng\u01b0\u1eddi ch\u01a1i ti\u1ebfp c\u1eadn c\u00e1c s\u1ea3n ph\u1ea9m gi\u1ea3i tr\u00ed m\u00e0 nh\u00e0 c\u00e1i cung c\u1ea5p. Ch\u1ec9 c\u1ea7n \u0111\u1ea3m b\u1ea3o \u0111\u00fang th\u00f4ng tin v\u00e0 th\u1ef1c hi\u1ec7n theo h\u01b0\u1edbng d\u1eabn, h\u1ed9i vi\u00ean <\/span><b>H3BET<\/b><span style=\"font-weight: 400;\"> s\u1ebd d\u1ec5 d\u00e0ng truy c\u1eadp v\u00e0 b\u1eaft \u0111\u1ea7u h\u00e0nh tr\u00ecnh tr\u1ea3i nghi\u1ec7m m\u01b0\u1ee3t m\u00e0.<\/span><\/p>\n","protected":false},"excerpt":{"rendered":"<p>\u0110\u0103ng nh\u1eadp H3BET l\u00e0 b\u01b0\u1edbc \u0111\u1ea7u ti\u00ean m\u1edf ra c\u00e1nh c\u1eeda \u0111\u1ebfn kho tr\u00f2 ch\u01a1i phong ph\u00fa tr\u00ean n\u1ec1n t\u1ea3ng gi\u1ea3i tr\u00ed h\u00e0ng \u0111\u1ea7u hi\u1ec7n nay. Ch\u1ec9 c\u1ea7n \u0111i\u1ec1n ch\u00ednh x\u00e1c th\u00f4ng tin, h\u1ed9i vi\u00ean H3BET c\u00f3 th\u1ec3 d\u1ec5 d\u00e0ng truy c\u1eadp h\u1ec7 th\u1ed1ng, tr\u1ea3i nghi\u1ec7m tr\u1ecdn v\u1eb9n c\u00e1c d\u1ecbch v\u1ee5 ch\u1ea5t l\u01b0\u1ee3ng, giao d\u1ecbch [&#8230;]\n","protected":false},"author":3,"featured_media":651,"parent":0,"menu_order":0,"comment_status":"closed","ping_status":"closed","template":"page-blank-title-center.php","meta":{"footnotes":""},"class_list":["post-645","page","type-page","status-publish","has-post-thumbnail","hentry"],"_links":{"self":[{"href":"https:\/\/ebwt.org\/index.php?rest_route=\/wp\/v2\/pages\/645","targetHints":{"allow":["GET"]}}],"collection":[{"href":"https:\/\/ebwt.org\/index.php?rest_route=\/wp\/v2\/pages"}],"about":[{"href":"https:\/\/ebwt.org\/index.php?rest_route=\/wp\/v2\/types\/page"}],"author":[{"embeddable":true,"href":"https:\/\/ebwt.org\/index.php?rest_route=\/wp\/v2\/users\/3"}],"replies":[{"embeddable":true,"href":"https:\/\/ebwt.org\/index.php?rest_route=%2Fwp%2Fv2%2Fcomments&post=645"}],"version-history":[{"count":0,"href":"https:\/\/ebwt.org\/index.php?rest_route=\/wp\/v2\/pages\/645\/revisions"}],"wp:featuredmedia":[{"embeddable":true,"href":"https:\/\/ebwt.org\/index.php?rest_route=\/wp\/v2\/media\/651"}],"wp:attachment":[{"href":"https:\/\/ebwt.org\/index.php?rest_route=%2Fwp%2Fv2%2Fmedia&parent=645"}],"curies":[{"name":"wp","href":"https:\/\/api.w.org\/{rel}","templated":true}]}}