{"id":628,"date":"2025-06-04T00:45:06","date_gmt":"2025-06-04T00:45:06","guid":{"rendered":"https:\/\/ebwt.org\/?page_id=628"},"modified":"2025-06-17T08:12:47","modified_gmt":"2025-06-17T08:12:47","slug":"tai-app-h3bet","status":"publish","type":"page","link":"https:\/\/ebwt.org\/?page_id=628","title":{"rendered":"T\u1ea3i App H3BET Nhanh Ch\u00f3ng Tr\u00ean M\u1ecdi Thi\u1ebft B\u1ecb Di \u0110\u1ed9ng 2025"},"content":{"rendered":"<p><a href=\"https:\/\/ebwt.org\/tai-app-h3bet\/\"><b><span style=\"vertical-align: inherit;\"><span style=\"vertical-align: inherit;\">T\u1ea3i app H3BET<\/span><\/span><\/b><\/a><span style=\"font-weight: 400;\"><span style=\"vertical-align: inherit;\"><span style=\"vertical-align: inherit;\"> l\u00e0 b\u01b0\u1edbc kh\u1edfi \u0111\u1ea7u quan tr\u1ecdng gi\u00fap ng\u01b0\u1eddi ch\u01a1i truy c\u1eadp nhanh v\u00e0o h\u1ec7 th\u1ed1ng tr\u00f2 ch\u01a1i \u0111a d\u1ea1ng, t\u1eeb c\u00e1c c\u00e1 c\u01b0\u1ee3c \u0111\u1ebfn s\u00f2ng b\u1ea1c tr\u1ef1c tuy\u1ebfn, v\u1edbi giao d\u1ecbch an to\u00e0n v\u00e0 b\u1ea3o m\u1eadt tuy\u1ec7t \u0111\u1ed1i. \u1ee8ng d\u1ee5ng <\/span><\/span><\/span><a href=\"https:\/\/ebwt.org\/\"><b><span style=\"vertical-align: inherit;\"><span style=\"vertical-align: inherit;\">H3BET<\/span><\/span><\/b><\/a><span style=\"font-weight: 400;\"><span style=\"vertical-align: inherit;\"><span style=\"vertical-align: inherit;\"> \u0111\u01b0\u1ee3c thi\u1ebft k\u1ebf t\u01b0\u01a1ng th\u00edch m\u1ecdi n\u1ec1n t\u1ea3ng, mang \u0111\u1ebfn tr\u1ea3i nghi\u1ec7m m\u01b0\u1ee3t m\u00e0, ti\u1ebft ki\u1ec7m th\u1eddi gian v\u00e0 b\u1ea3o v\u1ec7 t\u00e0i kho\u1ea3n t\u1ed1i \u01b0u.<\/span><\/span><\/span><\/p>\n<div id=\"ez-toc-container\" class=\"ez-toc-v2_0_80 counter-hierarchy ez-toc-counter ez-toc-grey ez-toc-container-direction\">\n<div class=\"ez-toc-title-container\">\n<p class=\"ez-toc-title\" style=\"cursor:inherit\">Table of Contents<\/p>\n<span class=\"ez-toc-title-toggle\"><a href=\"#\" class=\"ez-toc-pull-right ez-toc-btn ez-toc-btn-xs ez-toc-btn-default ez-toc-toggle\" aria-label=\"Toggle Table of Content\"><span class=\"ez-toc-js-icon-con\"><span class=\"\"><span class=\"eztoc-hide\" style=\"display:none;\">Toggle<\/span><span class=\"ez-toc-icon-toggle-span\"><svg style=\"fill: #999;color:#999\" xmlns=\"http:\/\/www.w3.org\/2000\/svg\" class=\"list-377408\" width=\"20px\" height=\"20px\" viewBox=\"0 0 24 24\" fill=\"none\"><path d=\"M6 6H4v2h2V6zm14 0H8v2h12V6zM4 11h2v2H4v-2zm16 0H8v2h12v-2zM4 16h2v2H4v-2zm16 0H8v2h12v-2z\" fill=\"currentColor\"><\/path><\/svg><svg style=\"fill: #999;color:#999\" class=\"arrow-unsorted-368013\" xmlns=\"http:\/\/www.w3.org\/2000\/svg\" width=\"10px\" height=\"10px\" viewBox=\"0 0 24 24\" version=\"1.2\" baseProfile=\"tiny\"><path d=\"M18.2 9.3l-6.2-6.3-6.2 6.3c-.2.2-.3.4-.3.7s.1.5.3.7c.2.2.4.3.7.3h11c.3 0 .5-.1.7-.3.2-.2.3-.5.3-.7s-.1-.5-.3-.7zM5.8 14.7l6.2 6.3 6.2-6.3c.2-.2.3-.5.3-.7s-.1-.5-.3-.7c-.2-.2-.4-.3-.7-.3h-11c-.3 0-.5.1-.7.3-.2.2-.3.5-.3.7s.1.5.3.7z\"\/><\/svg><\/span><\/span><\/span><\/a><\/span><\/div>\n<nav><ul class='ez-toc-list ez-toc-list-level-1 ' ><li class='ez-toc-page-1 ez-toc-heading-level-2'><a class=\"ez-toc-link ez-toc-heading-1\" href=\"https:\/\/ebwt.org\/?page_id=628\/#Tai_app_H3BET_tien_loi_tren_Android_va_iOS\" >T\u1ea3i app H3BET ti\u1ec7n l\u1ee3i tr\u00ean Android v\u00e0 iOS<\/a><ul class='ez-toc-list-level-3' ><li class='ez-toc-heading-level-3'><a class=\"ez-toc-link ez-toc-heading-2\" href=\"https:\/\/ebwt.org\/?page_id=628\/#Huong_dan_cai_dat_ung_dung_H3BET_tren_Android\" >H\u01b0\u1edbng d\u1eabn c\u00e0i \u0111\u1eb7t \u1ee9ng d\u1ee5ng H3BET tr\u00ean Android<\/a><\/li><li class='ez-toc-page-1 ez-toc-heading-level-3'><a class=\"ez-toc-link ez-toc-heading-3\" href=\"https:\/\/ebwt.org\/?page_id=628\/#Tai_app_H3BET_mobile_cho_he_dieu_hanh_iOS\" >T\u1ea3i app H3BET mobile cho h\u1ec7 \u0111i\u1ec1u h\u00e0nh iOS<\/a><\/li><\/ul><\/li><li class='ez-toc-page-1 ez-toc-heading-level-2'><a class=\"ez-toc-link ez-toc-heading-4\" href=\"https:\/\/ebwt.org\/?page_id=628\/#Nhung_luu_y_quan_trong_khi_tai_ung_dung_ve_dien_thoai\" >Nh\u1eefng l\u01b0u \u00fd quan tr\u1ecdng khi t\u1ea3i \u1ee9ng d\u1ee5ng v\u1ec1 \u0111i\u1ec7n tho\u1ea1i<\/a><ul class='ez-toc-list-level-3' ><li class='ez-toc-heading-level-3'><a class=\"ez-toc-link ez-toc-heading-5\" href=\"https:\/\/ebwt.org\/?page_id=628\/#Tai_app_H3BET_tu_nguon_chinh_thong\" >T\u1ea3i app H3BET t\u1eeb ngu\u1ed3n ch\u00ednh th\u1ed1ng<\/a><\/li><li class='ez-toc-page-1 ez-toc-heading-level-3'><a class=\"ez-toc-link ez-toc-heading-6\" href=\"https:\/\/ebwt.org\/?page_id=628\/#Kiem_tra_bo_nho_thiet_bi\" >Ki\u1ec3m tra b\u1ed9 nh\u1edb thi\u1ebft b\u1ecb<\/a><\/li><li class='ez-toc-page-1 ez-toc-heading-level-3'><a class=\"ez-toc-link ez-toc-heading-7\" href=\"https:\/\/ebwt.org\/?page_id=628\/#Dam_bao_mang_on_dinh_khi_tai_app_H3BET\" >\u0110\u1ea3m b\u1ea3o m\u1ea1ng \u1ed5n \u0111\u1ecbnh khi t\u1ea3i app H3BET<\/a><\/li><li class='ez-toc-page-1 ez-toc-heading-level-3'><a class=\"ez-toc-link ez-toc-heading-8\" href=\"https:\/\/ebwt.org\/?page_id=628\/#Lien_he_ho_tro_ky_thuat\" >Li\u00ean h\u1ec7 h\u1ed7 tr\u1ee3 k\u1ef9 thu\u1eadt<\/a><\/li><\/ul><\/li><li class='ez-toc-page-1 ez-toc-heading-level-2'><a class=\"ez-toc-link ez-toc-heading-9\" href=\"https:\/\/ebwt.org\/?page_id=628\/#Loi_ket\" >L\u1eddi k\u1ebft<\/a><\/li><\/ul><\/nav><\/div>\n<h2><span class=\"ez-toc-section\" id=\"Tai_app_H3BET_tien_loi_tren_Android_va_iOS\"><\/span><span style=\"font-weight: 400;\">T\u1ea3i app H3BET ti\u1ec7n l\u1ee3i tr\u00ean Android v\u00e0 iOS<\/span><span class=\"ez-toc-section-end\"><\/span><\/h2>\n<p><span style=\"font-weight: 400;\">T\u1ea3i <\/span><b>app H3BET<\/b><span style=\"font-weight: 400;\"> mang t\u1edbi cho ng\u01b0\u1eddi ch\u01a1i c\u01a1 h\u1ed9i ti\u1ebfp c\u1eadn kh\u00f4ng gian gi\u1ea3i tr\u00ed hi\u1ec7n \u0111\u1ea1i v\u00e0 an to\u00e0n h\u01a1n. D\u00f9 b\u1ea1n d\u00f9ng Android hay iPhone, thao t\u00e1c \u0111\u1ec1u \u0111\u01a1n gi\u1ea3n v\u00e0 nhanh ch\u00f3ng. \u1ee8ng d\u1ee5ng app H3BET mobile gi\u00fap h\u1ed9i vi\u00ean tr\u00e1nh \u0111\u01b0\u1ee3c t\u00ecnh tr\u1ea1ng b\u1ecb gi\u1edbi h\u1ea1n truy c\u1eadp khi d\u00f9ng tr\u00ecnh duy\u1ec7t web.<\/span><\/p>\n<h3><span class=\"ez-toc-section\" id=\"Huong_dan_cai_dat_ung_dung_H3BET_tren_Android\"><\/span><span style=\"font-weight: 400;\">H\u01b0\u1edbng d\u1eabn c\u00e0i \u0111\u1eb7t \u1ee9ng d\u1ee5ng H3BET tr\u00ean Android<\/span><span class=\"ez-toc-section-end\"><\/span><\/h3>\n<p><span style=\"font-weight: 400;\">Tr\u00ean thi\u1ebft b\u1ecb Android, ng\u01b0\u1eddi ch\u01a1i c\u00f3 th\u1ec3 th\u1ef1c hi\u1ec7n t\u1ea3i app H3BET v\u00e0 c\u00e0i \u0111\u1eb7t b\u1eb1ng file APK. Ch\u1ec9 c\u1ea7n l\u00e0m \u0111\u00fang c\u00e1c b\u01b0\u1edbc l\u00e0 \u1ee9ng d\u1ee5ng s\u1ebd ho\u1ea1t \u0111\u1ed9ng \u1ed5n \u0111\u1ecbnh tr\u00ean m\u00e1y.<\/span><\/p>\n<ul>\n<li style=\"font-weight: 400;\" aria-level=\"1\"><span style=\"font-weight: 400;\">B\u01b0\u1edbc 1: Truy c\u1eadp trang ch\u1ee7 c\u1ee7a H3BET b\u1eb1ng tr\u00ecnh duy\u1ec7t ph\u1ed5 bi\u1ebfn nh\u01b0 Chrome ho\u1eb7c C\u1ed1c C\u1ed1c.<\/span><\/li>\n<li style=\"font-weight: 400;\" aria-level=\"1\"><span style=\"font-weight: 400;\">B\u01b0\u1edbc 2: T\u1ea1i giao di\u1ec7n ch\u00ednh, nh\u1ea5n ch\u1ecdn m\u1ee5c &#8220;T\u1ea3i \u1ee8ng D\u1ee5ng H3BET&#8221; \u0111\u1ec3 nh\u1eadn m\u00e3 QR ho\u1eb7c t\u1ea3i tr\u1ef1c ti\u1ebfp file APK v\u1ec1 m\u00e1y.<\/span><\/li>\n<li style=\"font-weight: 400;\" aria-level=\"1\"><span style=\"font-weight: 400;\">B\u01b0\u1edbc 3: Cho ph\u00e9p c\u00e0i \u0111\u1eb7t \u1ee9ng d\u1ee5ng kh\u00f4ng r\u00f5 ngu\u1ed3n g\u1ed1c trong ph\u1ea7n C\u00e0i \u0111\u1eb7t \u0111i\u1ec7n tho\u1ea1i r\u1ed3i x\u00e1c nh\u1eadn c\u00e0i \u0111\u1eb7t \u1ee9ng d\u1ee5ng. Sau khi ho\u00e0n t\u1ea5t, b\u1ea1n s\u1ebd d\u1ec5 d\u00e0ng truy c\u1eadp h\u1ec7 th\u1ed1ng tr\u00f2 ch\u01a1i c\u1ee7a app H3BET m\u00e0 kh\u00f4ng b\u1ecb gi\u1edbi h\u1ea1n khu v\u1ef1c hay b\u1ecb ch\u1eb7n truy c\u1eadp.<\/span><\/li>\n<\/ul>\n<figure id=\"attachment_629\" aria-describedby=\"caption-attachment-629\" style=\"width: 900px\" class=\"wp-caption aligncenter\"><img loading=\"lazy\" decoding=\"async\" class=\"size-full wp-image-629\" src=\"https:\/\/ebwt.org\/wp-content\/uploads\/2025\/06\/nhanh-chong-tai-app-h3bet-cho-thiet-bi-android.webp\" alt=\"Nhanh ch\u00f3ng t\u1ea3i \u1ee9ng d\u1ee5ng H3BET cho thi\u1ebft b\u1ecb Android\" width=\"900\" height=\"520\" srcset=\"https:\/\/ebwt.org\/wp-content\/uploads\/2025\/06\/nhanh-chong-tai-app-h3bet-cho-thiet-bi-android.webp 900w, https:\/\/ebwt.org\/wp-content\/uploads\/2025\/06\/nhanh-chong-tai-app-h3bet-cho-thiet-bi-android-300x173.webp 300w, https:\/\/ebwt.org\/wp-content\/uploads\/2025\/06\/nhanh-chong-tai-app-h3bet-cho-thiet-bi-android-768x444.webp 768w\" sizes=\"auto, (max-width: 900px) 100vw, 900px\" \/><figcaption id=\"caption-attachment-629\" class=\"wp-caption-text\"><span style=\"vertical-align: inherit;\"><span style=\"vertical-align: inherit;\">Nhanh ch\u00f3ng t\u1ea3i \u1ee9ng d\u1ee5ng H3BET cho thi\u1ebft b\u1ecb Android<\/span><\/span><\/figcaption><\/figure>\n<h3><span class=\"ez-toc-section\" id=\"Tai_app_H3BET_mobile_cho_he_dieu_hanh_iOS\"><\/span><span style=\"font-weight: 400;\">T\u1ea3i app H3BET mobile cho h\u1ec7 \u0111i\u1ec1u h\u00e0nh iOS<\/span><span class=\"ez-toc-section-end\"><\/span><\/h3>\n<p><span style=\"font-weight: 400;\">V\u1edbi h\u1ec7 \u0111i\u1ec1u h\u00e0nh iOS, qu\u00e1 tr\u00ecnh c\u00e0i \u0111\u1eb7t c\u1ea7n th\u00eam b\u01b0\u1edbc x\u00e1c minh quy\u1ec1n truy c\u1eadp nh\u01b0ng v\u1eabn \u0111\u01a1n gi\u1ea3n v\u00e0 d\u1ec5 l\u00e0m. Th\u1ef1c hi\u1ec7n vi\u1ec7c t\u1ea3i app H3BET b\u1ea1n s\u1ebd d\u1ec5 d\u00e0ng tr\u1ea3i nghi\u1ec7m c\u00e1 c\u01b0\u1ee3c b\u1ea5t t\u1eadn:<\/span><\/p>\n<ul>\n<li style=\"font-weight: 400;\" aria-level=\"1\"><span style=\"font-weight: 400;\">B\u01b0\u1edbc 1: \u0110\u1ebfn v\u1edbi website ch\u00ednh ch\u1ee7 c\u1ee7a \u0111i\u1ec3m c\u01b0\u1ee3c b\u1eb1ng Safari.<\/span><\/li>\n<li style=\"font-weight: 400;\" aria-level=\"1\"><span style=\"font-weight: 400;\">B\u01b0\u1edbc 2: Nh\u1ea5n v\u00e0o ph\u1ea7n \u201cApp\u201d \u0111\u1ec3 nh\u1eadn m\u00e3 QR t\u01b0\u01a1ng \u1ee9ng v\u00e0 t\u1ea3i v\u1ec1.<\/span><\/li>\n<li style=\"font-weight: 400;\" aria-level=\"1\"><span style=\"font-weight: 400;\">B\u01b0\u1edbc 3: V\u00e0o C\u00e0i \u0111\u1eb7t \u2192 C\u00e0i \u0111\u1eb7t chung \u2192 Qu\u1ea3n l\u00fd thi\u1ebft b\u1ecb \u2192 Ch\u1ecdn tin c\u1eady \u1ee9ng d\u1ee5ng \u0111\u1ec3 ho\u00e0n t\u1ea5t. Sau khi \u0111\u01b0\u1ee3c x\u00e1c minh, ng\u01b0\u1eddi d\u00f9ng iPhone c\u00f3 th\u1ec3 t\u1eadn h\u01b0\u1edfng tr\u1ecdn v\u1eb9n c\u00e1c ti\u1ec7n \u00edch m\u00e0 <\/span><b>app H3BET mobile<\/b><span style=\"font-weight: 400;\"> mang l\u1ea1i, bao g\u1ed3m b\u1ea3o m\u1eadt, giao d\u1ecbch nhanh v\u00e0 h\u1ed7 tr\u1ee3 24\/7.<\/span><\/li>\n<\/ul>\n<h2><span class=\"ez-toc-section\" id=\"Nhung_luu_y_quan_trong_khi_tai_ung_dung_ve_dien_thoai\"><\/span><span style=\"font-weight: 400;\">Nh\u1eefng l\u01b0u \u00fd quan tr\u1ecdng khi t\u1ea3i \u1ee9ng d\u1ee5ng v\u1ec1 \u0111i\u1ec7n tho\u1ea1i<\/span><span class=\"ez-toc-section-end\"><\/span><\/h2>\n<p><span style=\"font-weight: 400;\">D\u00f9 qu\u00e1 tr\u00ecnh <\/span><b>t\u1ea3i \u1ee9ng d\u1ee5ng H3BET<\/b><span style=\"font-weight: 400;\"> nh\u00ecn chung kh\u00f4ng qu\u00e1 ph\u1ee9c t\u1ea1p, nh\u01b0ng \u0111\u1ec3 tr\u00e1nh l\u1ed7i trong qu\u00e1 tr\u00ecnh c\u00e0i \u0111\u1eb7t hay s\u1eed d\u1ee5ng, ng\u01b0\u1eddi ch\u01a1i n\u00ean l\u01b0u t\u00e2m m\u1ed9t v\u00e0i \u0111i\u1ec3m k\u1ef9 thu\u1eadt v\u00e0 b\u1ea3o m\u1eadt d\u01b0\u1edbi \u0111\u00e2y.<\/span><\/p>\n<h3><span class=\"ez-toc-section\" id=\"Tai_app_H3BET_tu_nguon_chinh_thong\"><\/span><span style=\"font-weight: 400;\">T\u1ea3i app H3BET t\u1eeb ngu\u1ed3n ch\u00ednh th\u1ed1ng<\/span><span class=\"ez-toc-section-end\"><\/span><\/h3>\n<p><span style=\"font-weight: 400;\">\u1ee8ng d\u1ee5ng nh\u00e0 c\u00e1i ch\u1ec9 \u0111\u01b0\u1ee3c ph\u00e1t h\u00e0nh duy nh\u1ea5t tr\u00ean web ch\u00ednh th\u1ee9c c\u1ee7a nh\u00e0 c\u00e1i. Nh\u1eefng trang gi\u1ea3 m\u1ea1o th\u01b0\u1eddng s\u1eed d\u1ee5ng c\u00e1c \u0111\u01b0\u1eddng d\u1eabn t\u01b0\u01a1ng t\u1ef1, \u0111\u00e1nh l\u1eeba ng\u01b0\u1eddi ch\u01a1i t\u1ea3i v\u1ec1 c\u00e1c \u1ee9ng d\u1ee5ng kh\u00f4ng r\u00f5 ngu\u1ed3n g\u1ed1c.<\/span><\/p>\n<ul>\n<li style=\"font-weight: 400;\" aria-level=\"1\"><span style=\"font-weight: 400;\">Vi\u1ec7c t\u1ea3i nh\u1ea7m c\u00f3 th\u1ec3 d\u1eabn \u0111\u1ebfn r\u00f2 r\u1ec9 th\u00f4ng tin t\u00e0i kho\u1ea3n, kh\u00f3a thi\u1ebft b\u1ecb ho\u1eb7c m\u1ea5t to\u00e0n b\u1ed9 quy\u1ec1n ki\u1ec3m so\u00e1t app.<\/span><\/li>\n<li style=\"font-weight: 400;\" aria-level=\"1\"><span style=\"font-weight: 400;\">B\u1ea1n n\u00ean g\u1eafn d\u1ea5u trang trang ch\u1ee7 H3BET \u0111\u1ec3 truy c\u1eadp nhanh khi c\u1ea7n t\u1ea3i l\u1ea1i.<\/span><\/li>\n<li style=\"font-weight: 400;\" aria-level=\"1\"><span style=\"font-weight: 400;\">H\u00e3y ki\u1ec3m tra k\u1ef9 URL v\u00e0 logo th\u01b0\u01a1ng hi\u1ec7u, tr\u00e1nh truy c\u1eadp t\u1eeb c\u00e1c link tr\u00f4i n\u1ed5i tr\u00ean m\u1ea1ng x\u00e3 h\u1ed9i ho\u1eb7c h\u1ed9i nh\u00f3m kh\u00f4ng x\u00e1c th\u1ef1c.<\/span><\/li>\n<\/ul>\n<p><span style=\"font-weight: 400;\">Ngo\u00e0i ra t\u1ea3i app H3BET t\u1eeb \u0111\u00fang ngu\u1ed3n gi\u00fap b\u1ea1n nh\u1eadn \u0111\u01b0\u1ee3c b\u1ea3n c\u1eadp nh\u1eadt m\u1edbi nh\u1ea5t, v\u00e1 l\u1ed7i k\u1ecbp th\u1eddi v\u00e0 \u0111\u01b0\u1ee3c h\u1ed7 tr\u1ee3 ch\u00ednh th\u1ee9c n\u1ebfu g\u1eb7p s\u1ef1 c\u1ed1. V\u00ec th\u1ebf lu\u00f4n c\u1eadp nh\u1eadt link m\u1edbi nh\u1ea5t v\u00e0o trang \u0111\u1ec3 c\u00f3 \u0111\u01b0\u1ee3c \u1ee9ng d\u1ee5ng ch\u1ea5t l\u01b0\u1ee3ng.<\/span><\/p>\n<p><em>&gt;&gt; Xem th\u00eam: <strong><a href=\"https:\/\/ebwt.org\/dang-ky-h3bet\/\">\u0110\u0103ng k\u00fd H3BET\u0110\u0103ng K\u00fd H3BET &#8211; B\u01b0\u1edbc \u0110\u1ea7u Tr\u1ea3i Nghi\u1ec7m Nh\u00e0 C\u00e1i Uy T\u00edn Nh\u1ea5t 2025<\/a><\/strong><\/em><\/p>\n<figure id=\"attachment_630\" aria-describedby=\"caption-attachment-630\" style=\"width: 900px\" class=\"wp-caption aligncenter\"><img loading=\"lazy\" decoding=\"async\" class=\"size-full wp-image-630\" src=\"https:\/\/ebwt.org\/wp-content\/uploads\/2025\/06\/thuc-hien-tai-app-h3bet-tu-nguon-chinh-thong.webp\" alt=\"Th\u1ef1c hi\u1ec7n t\u1ea3i \u1ee9ng d\u1ee5ng H3BET t\u1eeb ngu\u1ed3n ch\u00ednh\" width=\"900\" height=\"520\" srcset=\"https:\/\/ebwt.org\/wp-content\/uploads\/2025\/06\/thuc-hien-tai-app-h3bet-tu-nguon-chinh-thong.webp 900w, https:\/\/ebwt.org\/wp-content\/uploads\/2025\/06\/thuc-hien-tai-app-h3bet-tu-nguon-chinh-thong-300x173.webp 300w, https:\/\/ebwt.org\/wp-content\/uploads\/2025\/06\/thuc-hien-tai-app-h3bet-tu-nguon-chinh-thong-768x444.webp 768w\" sizes=\"auto, (max-width: 900px) 100vw, 900px\" \/><figcaption id=\"caption-attachment-630\" class=\"wp-caption-text\"><span style=\"vertical-align: inherit;\"><span style=\"vertical-align: inherit;\">Th\u1ef1c hi\u1ec7n t\u1ea3i \u1ee9ng d\u1ee5ng H3BET t\u1eeb ngu\u1ed3n ch\u00ednh<\/span><\/span><\/figcaption><\/figure>\n<h3><span class=\"ez-toc-section\" id=\"Kiem_tra_bo_nho_thiet_bi\"><\/span><span style=\"font-weight: 400;\">Ki\u1ec3m tra b\u1ed9 nh\u1edb thi\u1ebft b\u1ecb<\/span><span class=\"ez-toc-section-end\"><\/span><\/h3>\n<p><span style=\"font-weight: 400;\">Tr\u01b0\u1edbc khi c\u00e0i \u0111\u1eb7t, h\u00e3y \u0111\u1ea3m b\u1ea3o thi\u1ebft b\u1ecb c\u00f2n \u0111\u1ee7 b\u1ed9 nh\u1edb tr\u1ed1ng \u0111\u1ec3 ti\u1ebfp nh\u1eadn \u1ee9ng d\u1ee5ng v\u00e0 cho ph\u00e9p v\u1eadn h\u00e0nh m\u01b0\u1ee3t m\u00e0. Ch\u00fa \u00fd m\u1ed9t s\u1ed1 n\u1ed9i dung sau \u0111\u00e2y \u0111\u1ec3 thu\u1eadn l\u1ee3i t\u1ea3i app H3BET:<\/span><\/p>\n<ul>\n<li style=\"font-weight: 400;\" aria-level=\"1\"><span style=\"font-weight: 400;\">\u1ee8ng d\u1ee5ng ch\u1ec9 n\u1eb7ng kho\u1ea3ng 100MB nh\u01b0ng khi c\u00e0i xong v\u00e0 b\u1eaft \u0111\u1ea7u kh\u1edfi ch\u1ea1y, h\u1ec7 th\u1ed1ng s\u1ebd c\u1ea7n th\u00eam dung l\u01b0\u1ee3ng \u0111\u1ec3 l\u01b0u \u0111\u1ec7m (cache) v\u00e0 x\u1eed l\u00fd d\u1eef li\u1ec7u.<\/span><\/li>\n<li style=\"font-weight: 400;\" aria-level=\"1\"><span style=\"font-weight: 400;\">V\u1edbi c\u00e1c thi\u1ebft b\u1ecb Android n\u00ean c\u00f3 \u00edt nh\u1ea5t 1GB dung l\u01b0\u1ee3ng tr\u1ed1ng, c\u00f2n iPhone th\u00ec c\u1ea7n kho\u1ea3ng 500MB tr\u1edf l\u00ean.<\/span><\/li>\n<li style=\"font-weight: 400;\" aria-level=\"1\"><span style=\"font-weight: 400;\">Ngo\u00e0i ra, n\u1ebfu b\u1ea1n \u0111\u00e3 c\u00e0i qu\u00e1 nhi\u1ec1u app ch\u1ea1y n\u1ec1n, h\u00e3y t\u1eaft b\u1edbt \u0111\u1ec3 gi\u1ea3m t\u1ea3i RAM gi\u00fap app ho\u1ea1t \u0111\u1ed9ng m\u01b0\u1ee3t v\u00e0 kh\u00f4ng b\u1ecb crash gi\u1eefa ch\u1eebng. Vi\u1ec7c d\u1ecdn d\u1eb9p b\u1ed9 nh\u1edb c\u0169ng n\u00ean \u0111\u01b0\u1ee3c duy tr\u00ec \u0111\u1ecbnh k\u1ef3 \u0111\u1ec3 gi\u1eef hi\u1ec7u su\u1ea5t m\u00e1y lu\u00f4n \u1ed5n \u0111\u1ecbnh.<\/span><\/li>\n<\/ul>\n<h3><span class=\"ez-toc-section\" id=\"Dam_bao_mang_on_dinh_khi_tai_app_H3BET\"><\/span><span style=\"font-weight: 400;\">\u0110\u1ea3m b\u1ea3o m\u1ea1ng \u1ed5n \u0111\u1ecbnh khi t\u1ea3i app H3BET<\/span><span class=\"ez-toc-section-end\"><\/span><\/h3>\n<p><span style=\"font-weight: 400;\">To\u00e0n b\u1ed9 qu\u00e1 tr\u00ecnh t\u1ea3i v\u00e0 x\u00e1c minh \u1ee9ng d\u1ee5ng \u0111\u1ec1u d\u1ef1a v\u00e0o k\u1ebft n\u1ed1i m\u1ea1ng. D\u00f9 l\u00e0 t\u1ea3i b\u1eb1ng wifi hay 4G\/5G th\u00ec ng\u01b0\u1eddi d\u00f9ng c\u0169ng c\u1ea7n \u0111\u1ea3m b\u1ea3o m\u1ea1ng \u0111\u1ee7 m\u1ea1nh v\u00e0 kh\u00f4ng b\u1ecb ng\u1eaft qu\u00e3ng.<\/span><\/p>\n<ul>\n<li style=\"font-weight: 400;\" aria-level=\"1\"><span style=\"font-weight: 400;\">N\u1ebfu \u0111ang s\u1eed d\u1ee5ng m\u1ea1ng c\u00f4ng c\u1ed9ng, b\u1ea1n n\u00ean chuy\u1ec3n sang m\u1ea1ng ri\u00eang t\u01b0 \u0111\u1ec3 tr\u00e1nh ngh\u1ebdn b\u0103ng th\u00f4ng ho\u1eb7c gi\u00e1n \u0111o\u1ea1n b\u1ea5t ng\u1edd khi t\u1ea3i app H3BET.<\/span><\/li>\n<li style=\"font-weight: 400;\" aria-level=\"1\"><span style=\"font-weight: 400;\">Tr\u00e1nh t\u1ea3i v\u00e0o gi\u1edd cao \u0111i\u1ec3m (th\u01b0\u1eddng l\u00e0 bu\u1ed5i t\u1ed1i) v\u00ec server c\u00f3 th\u1ec3 b\u1ecb qu\u00e1 t\u1ea3i, d\u1eabn \u0111\u1ebfn vi\u1ec7c download b\u1ecb ch\u1eadm ho\u1eb7c l\u1ed7i.<\/span><\/li>\n<li style=\"font-weight: 400;\" aria-level=\"1\"><span style=\"font-weight: 400;\">Tr\u01b0\u1eddng h\u1ee3p b\u1ea1n d\u00f9ng d\u1eef li\u1ec7u di \u0111\u1ed9ng, h\u00e3y \u0111\u1ea3m b\u1ea3o c\u00f2n dung l\u01b0\u1ee3ng \u0111\u1ec3 tr\u00e1nh t\u00ecnh tr\u1ea1ng gi\u00e1n \u0111o\u1ea1n.\u0110\u1eb7c bi\u1ec7t, n\u1ebfu \u0111ang \u1edf n\u01a1i s\u00f3ng y\u1ebfu (thang m\u00e1y, h\u1ea7m gi\u1eef xe), h\u00e3y di chuy\u1ec3n ra khu v\u1ef1c c\u00f3 t\u00edn hi\u1ec7u t\u1ed1t h\u01a1n tr\u01b0\u1edbc khi b\u1eaft \u0111\u1ea7u qu\u00e1 tr\u00ecnh t\u1ea3i app H3BET.<\/span><\/li>\n<\/ul>\n<figure id=\"attachment_632\" aria-describedby=\"caption-attachment-632\" style=\"width: 900px\" class=\"wp-caption aligncenter\"><img loading=\"lazy\" decoding=\"async\" class=\"wp-image-632 size-full\" style=\"font-size: 14.4px;\" src=\"https:\/\/ebwt.org\/wp-content\/uploads\/2025\/06\/hay-luon-thuc-hien-qua-trinh-tai-app-h3bet-khi-mang-on-dinh-nhat.webp\" alt=\"H\u00e3y lu\u00f4n th\u1ef1c hi\u1ec7n qu\u00e1 tr\u00ecnh t\u1ea3i \u1ee9ng d\u1ee5ng H3BET khi m\u1ea1ng \u1ed5n \u0111\u1ecbnh nh\u1ea5t\" width=\"900\" height=\"520\" srcset=\"https:\/\/ebwt.org\/wp-content\/uploads\/2025\/06\/hay-luon-thuc-hien-qua-trinh-tai-app-h3bet-khi-mang-on-dinh-nhat.webp 900w, https:\/\/ebwt.org\/wp-content\/uploads\/2025\/06\/hay-luon-thuc-hien-qua-trinh-tai-app-h3bet-khi-mang-on-dinh-nhat-300x173.webp 300w, https:\/\/ebwt.org\/wp-content\/uploads\/2025\/06\/hay-luon-thuc-hien-qua-trinh-tai-app-h3bet-khi-mang-on-dinh-nhat-768x444.webp 768w\" sizes=\"auto, (max-width: 900px) 100vw, 900px\" \/><figcaption id=\"caption-attachment-632\" class=\"wp-caption-text\">H\u00e3y lu\u00f4n th\u1ef1c hi\u1ec7n qu\u00e1 tr\u00ecnh t\u1ea3i app H3BET khi m\u1ea1ng \u1ed5n \u0111\u1ecbnh nh\u1ea5t<\/figcaption><\/figure>\n<p><span style=\"vertical-align: inherit;\"><span style=\"vertical-align: inherit;\">H\u00e3y lu\u00f4n th\u1ef1c hi\u1ec7n qu\u00e1 tr\u00ecnh t\u1ea3i \u1ee9ng d\u1ee5ng H3BET khi m\u1ea1ng \u1ed5n \u0111\u1ecbnh nh\u1ea5t<\/span><\/span><\/p>\n<h3><span class=\"ez-toc-section\" id=\"Lien_he_ho_tro_ky_thuat\"><\/span><span style=\"font-weight: 400;\">Li\u00ean h\u1ec7 h\u1ed7 tr\u1ee3 k\u1ef9 thu\u1eadt<\/span><span class=\"ez-toc-section-end\"><\/span><\/h3>\n<p><span style=\"font-weight: 400;\">Truy c\u1eadp m\u1ee5c &#8220;H\u1ed7 tr\u1ee3 tr\u1ef1c tuy\u1ebfn&#8221; ngay tr\u00ean website ho\u1eb7c \u1ee9ng d\u1ee5ng \u0111\u1ec3 \u0111\u01b0\u1ee3c h\u01b0\u1edbng d\u1eabn c\u1ee5 th\u1ec3. \u0110\u00e2y l\u00e0 k\u00eanh k\u1ebft n\u1ed1i tr\u1ef1c ti\u1ebfp gi\u1eefa ng\u01b0\u1eddi ch\u01a1i v\u00e0 \u0111\u1ed9i ng\u0169 ch\u0103m s\u00f3c kh\u00e1ch h\u00e0ng \u2013 n\u01a1i ti\u1ebfp nh\u1eadn m\u1ecdi v\u01b0\u1edbng m\u1eafc k\u1ef9 thu\u1eadt.<\/span><\/p>\n<ul>\n<li style=\"font-weight: 400;\" aria-level=\"1\"><span style=\"font-weight: 400;\">Sau khi g\u1eedi y\u00eau c\u1ea7u, h\u1ec7 th\u1ed1ng th\u01b0\u1eddng ph\u1ea3n h\u1ed3i trong v\u00f2ng 1 \u2013 3 ph\u00fat.<\/span><\/li>\n<li style=\"font-weight: 400;\" aria-level=\"1\"><span style=\"font-weight: 400;\">Nh\u00e2n vi\u00ean k\u1ef9 thu\u1eadt s\u1ebd x\u00e1c minh t\u00ecnh tr\u1ea1ng c\u1ee5 th\u1ec3, nh\u01b0 l\u1ed7i t\u1ec7p APK, xung \u0111\u1ed9t h\u1ec7 \u0111i\u1ec1u h\u00e0nh, ho\u1eb7c s\u1ef1 c\u1ed1 m\u1ea1ng khi\u1ebfn file t\u1ea3i b\u1ecb gi\u00e1n \u0111o\u1ea1n.<\/span><\/li>\n<li style=\"font-weight: 400;\" aria-level=\"1\"><span style=\"font-weight: 400;\">Trong tr\u01b0\u1eddng h\u1ee3p c\u1ea7n thi\u1ebft, h\u1ecd s\u1ebd h\u01b0\u1edbng d\u1eabn b\u1ea1n reset l\u1ea1i ph\u1ea7n m\u1ec1m, g\u1ee1 b\u1ecf app c\u0169 v\u00e0 cung c\u1ea5p link t\u1ea3i ch\u00ednh x\u00e1c nh\u1ea5t \u0111\u1ec3 th\u1eed l\u1ea1i.<\/span><\/li>\n<\/ul>\n<p><span style=\"font-weight: 400;\">Vi\u1ec7c li\u00ean h\u1ec7 s\u1edbm gi\u00fap r\u00fat ng\u1eafn th\u1eddi gian x\u1eed l\u00fd v\u00e0 h\u1ea1n ch\u1ebf t\u1ed1i \u0111a c\u00e1c s\u1ef1 c\u1ed1 li\u00ean quan \u0111\u1ebfn t\u00e0i kho\u1ea3n ho\u1eb7c thi\u1ebft b\u1ecb c\u1ee7a b\u1ea1n. H\u00e3y cung c\u1ea5p th\u00f4ng tin ch\u00ednh x\u00e1c \u0111\u1ec3 c\u00f3 th\u1ec3 gi\u1ea3i quy\u1ebft t\u1ea5t c\u1ea3 nh\u1eefng v\u1ea5n \u0111\u1ec1 li\u00ean quan \u0111\u1ebfn vi\u1ec7c c\u00e0i \u0111\u1eb7t \u1ee9ng d\u1ee5ng.<\/span><\/p>\n<h2><span class=\"ez-toc-section\" id=\"Loi_ket\"><\/span><span style=\"font-weight: 400;\">L\u1eddi k\u1ebft<\/span><span class=\"ez-toc-section-end\"><\/span><\/h2>\n<p><b>T\u1ea3i app H3BET<\/b><span style=\"font-weight: 400;\"> l\u00e0 l\u1ef1a ch\u1ecdn th\u00f4ng minh \u0111\u1ec3 ng\u01b0\u1eddi ch\u01a1i n\u00e2ng c\u1ea5p tr\u1ea3i nghi\u1ec7m c\u00e1 nh\u00e2n h\u00f3a, truy c\u1eadp nhanh v\u00e0 b\u1ea3o v\u1ec7 th\u00f4ng tin t\u00e0i kho\u1ea3n m\u1ed9t c\u00e1ch hi\u1ec7u qu\u1ea3. \u0110\u1eebng b\u1ecf l\u1ee1 c\u01a1 h\u1ed9i s\u1edf h\u1eefu \u1ee9ng d\u1ee5ng ch\u00ednh ch\u1ee7 t\u1eeb s\u00e2n ch\u01a1i gi\u1ea3i tr\u00ed h\u00e0ng \u0111\u1ea7u v\u1edbi h\u1ec7 sinh th\u00e1i game \u0111a d\u1ea1ng v\u00e0 t\u1ed1c \u0111\u1ed9 x\u1eed l\u00fd v\u01b0\u1ee3t tr\u1ed9i <\/span><b>H3BET<\/b><span style=\"font-weight: 400;\">.<\/span><\/p>\n","protected":false},"excerpt":{"rendered":"<p>T\u1ea3i app H3BET l\u00e0 b\u01b0\u1edbc kh\u1edfi \u0111\u1ea7u quan tr\u1ecdng gi\u00fap ng\u01b0\u1eddi ch\u01a1i truy c\u1eadp nhanh v\u00e0o h\u1ec7 th\u1ed1ng tr\u00f2 ch\u01a1i \u0111a d\u1ea1ng, t\u1eeb c\u00e1c c\u00e1 c\u01b0\u1ee3c \u0111\u1ebfn s\u00f2ng b\u1ea1c tr\u1ef1c tuy\u1ebfn, v\u1edbi giao d\u1ecbch an to\u00e0n v\u00e0 b\u1ea3o m\u1eadt tuy\u1ec7t \u0111\u1ed1i. \u1ee8ng d\u1ee5ng H3BET \u0111\u01b0\u1ee3c thi\u1ebft k\u1ebf t\u01b0\u01a1ng th\u00edch m\u1ecdi n\u1ec1n t\u1ea3ng, mang \u0111\u1ebfn tr\u1ea3i [&#8230;]\n","protected":false},"author":3,"featured_media":633,"parent":0,"menu_order":0,"comment_status":"closed","ping_status":"closed","template":"page-blank-title-center.php","meta":{"footnotes":""},"class_list":["post-628","page","type-page","status-publish","has-post-thumbnail","hentry"],"_links":{"self":[{"href":"https:\/\/ebwt.org\/index.php?rest_route=\/wp\/v2\/pages\/628","targetHints":{"allow":["GET"]}}],"collection":[{"href":"https:\/\/ebwt.org\/index.php?rest_route=\/wp\/v2\/pages"}],"about":[{"href":"https:\/\/ebwt.org\/index.php?rest_route=\/wp\/v2\/types\/page"}],"author":[{"embeddable":true,"href":"https:\/\/ebwt.org\/index.php?rest_route=\/wp\/v2\/users\/3"}],"replies":[{"embeddable":true,"href":"https:\/\/ebwt.org\/index.php?rest_route=%2Fwp%2Fv2%2Fcomments&post=628"}],"version-history":[{"count":0,"href":"https:\/\/ebwt.org\/index.php?rest_route=\/wp\/v2\/pages\/628\/revisions"}],"wp:featuredmedia":[{"embeddable":true,"href":"https:\/\/ebwt.org\/index.php?rest_route=\/wp\/v2\/media\/633"}],"wp:attachment":[{"href":"https:\/\/ebwt.org\/index.php?rest_route=%2Fwp%2Fv2%2Fmedia&parent=628"}],"curies":[{"name":"wp","href":"https:\/\/api.w.org\/{rel}","templated":true}]}}